{"id":7855,"date":"2025-11-24T15:04:55","date_gmt":"2025-11-24T14:04:55","guid":{"rendered":"https:\/\/t2b.ch\/?page_id=7855"},"modified":"2025-11-24T16:10:38","modified_gmt":"2025-11-24T15:10:38","slug":"gate-to-ai-fast-track","status":"publish","type":"page","link":"https:\/\/t2b.ch\/en\/gated-download\/gate-to-ai-fast-track\/","title":{"rendered":"Gate to download PDF AI Fast Track"},"content":{"rendered":"\t\t<div data-elementor-type=\"wp-page\" data-elementor-id=\"7855\" class=\"elementor elementor-7855\" data-elementor-post-type=\"page\">\n\t\t\t\t\t\t<section class=\"elementor-section elementor-top-section elementor-element elementor-element-a9a6667 elementor-section-boxed elementor-section-height-default elementor-section-height-default wpr-particle-no wpr-jarallax-no wpr-parallax-no wpr-sticky-section-no wpr-equal-height-no\" data-id=\"a9a6667\" data-element_type=\"section\" data-e-type=\"section\">\n\t\t\t\t\t\t<div class=\"elementor-container elementor-column-gap-default\">\n\t\t\t\t\t<div class=\"elementor-column elementor-col-100 elementor-top-column elementor-element elementor-element-4a2caba6\" data-id=\"4a2caba6\" data-element_type=\"column\" data-e-type=\"column\">\n\t\t\t<div class=\"elementor-widget-wrap elementor-element-populated\">\n\t\t\t\t\t\t<section class=\"elementor-section elementor-inner-section elementor-element elementor-element-d04080b elementor-section-boxed elementor-section-height-default elementor-section-height-default wpr-particle-no wpr-jarallax-no wpr-parallax-no wpr-sticky-section-no wpr-equal-height-no\" data-id=\"d04080b\" data-element_type=\"section\" data-e-type=\"section\">\n\t\t\t\t\t\t<div class=\"elementor-container elementor-column-gap-default\">\n\t\t\t\t\t<div class=\"elementor-column elementor-col-100 elementor-inner-column elementor-element elementor-element-604a4c8\" data-id=\"604a4c8\" data-element_type=\"column\" data-e-type=\"column\">\n\t\t\t<div class=\"elementor-widget-wrap elementor-element-populated\">\n\t\t\t\t\t\t<div class=\"elementor-element elementor-element-59714d9 elementor-widget elementor-widget-text-editor\" data-id=\"59714d9\" data-element_type=\"widget\" data-e-type=\"widget\" data-widget_type=\"text-editor.default\">\n\t\t\t\t<div class=\"elementor-widget-container\">\n\t\t\t\t\t\t\t\t\t<p data-start=\"102\" data-end=\"154\"><strong data-start=\"102\" data-end=\"152\">Ihre Privatsph\u00e4re und Nutzung dieses Materials<\/strong><\/p><p data-start=\"156\" data-end=\"305\">Wir respektieren Ihre Privatsph\u00e4re. Die von Ihnen angegebenen Informationen werden vertraulich behandelt und nicht au\u00dferhalb von t2b weitergegeben.<\/p><p data-start=\"307\" data-end=\"484\">Das PDF, das Sie gleich herunterladen, enth\u00e4lt Gesch\u00e4ftsinformationen und Hinweise zu strategischen Themen. Es ersetzt jedoch keine professionelle Beratung durch t2b-Experten.<\/p><p data-start=\"486\" data-end=\"709\">t2b \u00fcbernimmt keine Haftung f\u00fcr Handlungen, die aufgrund der in diesem Dokument enthaltenen Informationen erfolgen. Bitte nutzen Sie das Material verantwortungsvoll und ziehen Sie bei Bedarf professionelle Beratung hinzu.<\/p>\t\t\t\t\t\t\t\t<\/div>\n\t\t\t\t<\/div>\n\t\t\t\t\t<\/div>\n\t\t<\/div>\n\t\t\t\t\t<\/div>\n\t\t<\/section>\n\t\t\t\t<div class=\"elementor-element elementor-element-56bc642c elementor-button-align-stretch elementor-widget elementor-widget-form\" data-id=\"56bc642c\" data-element_type=\"widget\" data-e-type=\"widget\" data-settings=\"{&quot;step_next_label&quot;:&quot;Next&quot;,&quot;step_previous_label&quot;:&quot;Previous&quot;,&quot;button_width&quot;:&quot;100&quot;,&quot;step_type&quot;:&quot;number_text&quot;,&quot;step_icon_shape&quot;:&quot;circle&quot;}\" data-widget_type=\"form.default\">\n\t\t\t\t<div class=\"elementor-widget-container\">\n\t\t\t\t\t\t\t<form class=\"elementor-form\" method=\"post\" name=\"frmDownload\" aria-label=\"frmDownload\">\n\t\t\t<input type=\"hidden\" name=\"post_id\" value=\"7855\"\/>\n\t\t\t<input type=\"hidden\" name=\"form_id\" value=\"56bc642c\"\/>\n\t\t\t<input type=\"hidden\" name=\"referer_title\" value=\"Gate to download PDF AI Fast Track - t2b.ch\" \/>\n\n\t\t\t\t\t\t\t<input type=\"hidden\" name=\"queried_id\" value=\"7855\"\/>\n\t\t\t\n\t\t\t<div class=\"elementor-form-fields-wrapper elementor-labels-above\">\n\t\t\t\t\t\t\t\t<div class=\"elementor-field-type-text elementor-field-group elementor-column elementor-field-group-name elementor-col-100\">\n\t\t\t\t\t\t\t\t\t\t\t\t<label for=\"form-field-name\" class=\"elementor-field-label\">\n\t\t\t\t\t\t\t\tName\t\t\t\t\t\t\t<\/label>\n\t\t\t\t\t\t\t\t\t\t\t\t\t\t<input size=\"1\" type=\"text\" name=\"form_fields[name]\" id=\"form-field-name\" class=\"elementor-field elementor-size-sm  elementor-field-textual\" placeholder=\"Name\">\n\t\t\t\t\t\t\t\t\t\t\t<\/div>\n\t\t\t\t\t\t\t\t<div class=\"elementor-field-type-email elementor-field-group elementor-column elementor-field-group-email elementor-col-100 elementor-field-required elementor-mark-required\">\n\t\t\t\t\t\t\t\t\t\t\t\t<label for=\"form-field-email\" class=\"elementor-field-label\">\n\t\t\t\t\t\t\t\tEmail\t\t\t\t\t\t\t<\/label>\n\t\t\t\t\t\t\t\t\t\t\t\t\t\t<input size=\"1\" type=\"email\" name=\"form_fields[email]\" id=\"form-field-email\" class=\"elementor-field elementor-size-sm  elementor-field-textual\" placeholder=\"Email\" required=\"required\">\n\t\t\t\t\t\t\t\t\t\t\t<\/div>\n\t\t\t\t\t\t\t\t<div class=\"elementor-field-type-text elementor-field-group elementor-column elementor-field-group-message elementor-col-100\">\n\t\t\t\t\t\t\t\t\t\t\t\t<label for=\"form-field-message\" class=\"elementor-field-label\">\n\t\t\t\t\t\t\t\tFirma\t\t\t\t\t\t\t<\/label>\n\t\t\t\t\t\t\t\t\t\t\t\t\t\t<input size=\"1\" type=\"text\" name=\"form_fields[message]\" id=\"form-field-message\" class=\"elementor-field elementor-size-sm  elementor-field-textual\" placeholder=\"Company\">\n\t\t\t\t\t\t\t\t\t\t\t<\/div>\n\t\t\t\t\t\t\t\t<div class=\"elementor-field-type-tel elementor-field-group elementor-column elementor-field-group-field_54158be elementor-col-100\">\n\t\t\t\t\t\t\t\t\t\t\t\t<label for=\"form-field-field_54158be\" class=\"elementor-field-label\">\n\t\t\t\t\t\t\t\tTelefon\t\t\t\t\t\t\t<\/label>\n\t\t\t\t\t\t\t\t<input size=\"1\" type=\"tel\" name=\"form_fields[field_54158be]\" id=\"form-field-field_54158be\" class=\"elementor-field elementor-size-sm  elementor-field-textual\" placeholder=\"+XX XXXXXXXX\" pattern=\"[0-9()#&amp;+*-=.]+\" title=\"Only numbers and phone characters (#, -, *, etc) are accepted.\">\n\n\t\t\t\t\t\t<\/div>\n\t\t\t\t\t\t\t\t<div class=\"elementor-field-type-text\">\n\t\t\t\t\t<input size=\"1\" type=\"text\" name=\"form_fields[field_94b0fc3]\" id=\"form-field-field_94b0fc3\" class=\"elementor-field elementor-size-sm \" style=\"display:none !important;\">\t\t\t\t<\/div>\n\t\t\t\t\t\t\t\t<div class=\"elementor-field-type-hidden elementor-field-group elementor-column elementor-field-group-field_a6920e6 elementor-col-100\">\n\t\t\t\t\t\t\t\t\t\t\t\t\t<input size=\"1\" type=\"hidden\" name=\"form_fields[field_a6920e6]\" id=\"form-field-field_a6920e6\" class=\"elementor-field elementor-size-sm  elementor-field-textual\" value=\"AI_Fast_Track\">\n\t\t\t\t\t\t\t\t\t\t\t<\/div>\n\t\t\t\t\t\t\t\t<div class=\"elementor-field-group elementor-column elementor-field-type-submit elementor-col-100 e-form__buttons\">\n\t\t\t\t\t<button class=\"elementor-button elementor-size-sm\" type=\"submit\">\n\t\t\t\t\t\t<span class=\"elementor-button-content-wrapper\">\n\t\t\t\t\t\t\t\t\t\t\t\t\t\t\t\t\t\t\t\t\t\t<span class=\"elementor-button-text\">Herunterladen<\/span>\n\t\t\t\t\t\t\t\t\t\t\t\t\t<\/span>\n\t\t\t\t\t<\/button>\n\t\t\t\t<\/div>\n\t\t\t<\/div>\n\t\t<\/form>\n\t\t\t\t\t\t<\/div>\n\t\t\t\t<\/div>\n\t\t\t\t\t<\/div>\n\t\t<\/div>\n\t\t\t\t\t<\/div>\n\t\t<\/section>\n\t\t\t\t<\/div>\n\t\t","protected":false},"excerpt":{"rendered":"<p>Ihre Privatsph\u00e4re und Nutzung dieses Materials Wir respektieren Ihre Privatsph\u00e4re. Die von Ihnen angegebenen Informationen werden vertraulich behandelt und nicht au\u00dferhalb von t2b weitergegeben. Das PDF, das Sie gleich herunterladen, enth\u00e4lt Gesch\u00e4ftsinformationen und Hinweise zu strategischen Themen. Es ersetzt jedoch keine professionelle Beratung durch t2b-Experten. t2b \u00fcbernimmt keine Haftung f\u00fcr Handlungen, die aufgrund der in<\/p>","protected":false},"author":6,"featured_media":0,"parent":7853,"menu_order":0,"comment_status":"closed","ping_status":"closed","template":"","meta":{"site-sidebar-layout":"no-sidebar","site-content-layout":"page-builder","ast-site-content-layout":"full-width-container","site-content-style":"default","site-sidebar-style":"default","ast-global-header-display":"","ast-banner-title-visibility":"","ast-main-header-display":"","ast-hfb-above-header-display":"","ast-hfb-below-header-display":"","ast-hfb-mobile-header-display":"","site-post-title":"disabled","ast-breadcrumbs-content":"","ast-featured-img":"disabled","footer-sml-layout":"","ast-disable-related-posts":"","theme-transparent-header-meta":"default","adv-header-id-meta":"","stick-header-meta":"default","header-above-stick-meta":"","header-main-stick-meta":"","header-below-stick-meta":"","astra-migrate-meta-layouts":"set","ast-page-background-enabled":"default","ast-page-background-meta":{"desktop":{"background-color":"","background-image":"","background-repeat":"repeat","background-position":"center center","background-size":"auto","background-attachment":"scroll","background-type":"","background-media":"","overlay-type":"","overlay-color":"","overlay-opacity":"","overlay-gradient":""},"tablet":{"background-color":"","background-image":"","background-repeat":"repeat","background-position":"center center","background-size":"auto","background-attachment":"scroll","background-type":"","background-media":"","overlay-type":"","overlay-color":"","overlay-opacity":"","overlay-gradient":""},"mobile":{"background-color":"","background-image":"","background-repeat":"repeat","background-position":"center center","background-size":"auto","background-attachment":"scroll","background-type":"","background-media":"","overlay-type":"","overlay-color":"","overlay-opacity":"","overlay-gradient":""}},"ast-content-background-meta":{"desktop":{"background-color":"var(--ast-global-color-5)","background-image":"","background-repeat":"repeat","background-position":"center center","background-size":"auto","background-attachment":"scroll","background-type":"","background-media":"","overlay-type":"","overlay-color":"","overlay-opacity":"","overlay-gradient":""},"tablet":{"background-color":"var(--ast-global-color-5)","background-image":"","background-repeat":"repeat","background-position":"center center","background-size":"auto","background-attachment":"scroll","background-type":"","background-media":"","overlay-type":"","overlay-color":"","overlay-opacity":"","overlay-gradient":""},"mobile":{"background-color":"var(--ast-global-color-5)","background-image":"","background-repeat":"repeat","background-position":"center center","background-size":"auto","background-attachment":"scroll","background-type":"","background-media":"","overlay-type":"","overlay-color":"","overlay-opacity":"","overlay-gradient":""}},"footnotes":""},"class_list":["post-7855","page","type-page","status-publish","hentry"],"yoast_head":"<!-- This site is optimized with the Yoast SEO plugin v27.4 - https:\/\/yoast.com\/product\/yoast-seo-wordpress\/ -->\n<title>Gate to download PDF AI Fast Track - t2b.ch<\/title>\n<meta name=\"robots\" content=\"index, follow, max-snippet:-1, max-image-preview:large, max-video-preview:-1\" \/>\n<link rel=\"canonical\" href=\"https:\/\/t2b.ch\/en\/gated-download\/gate-to-ai-fast-track\/\" \/>\n<meta property=\"og:locale\" content=\"en_GB\" \/>\n<meta property=\"og:type\" content=\"article\" \/>\n<meta property=\"og:title\" content=\"Gate to download PDF AI Fast Track - t2b.ch\" \/>\n<meta property=\"og:description\" content=\"Ihre Privatsph\u00e4re und Nutzung dieses Materials Wir respektieren Ihre Privatsph\u00e4re. Die von Ihnen angegebenen Informationen werden vertraulich behandelt und nicht au\u00dferhalb von t2b weitergegeben. Das PDF, das Sie gleich herunterladen, enth\u00e4lt Gesch\u00e4ftsinformationen und Hinweise zu strategischen Themen. Es ersetzt jedoch keine professionelle Beratung durch t2b-Experten. t2b \u00fcbernimmt keine Haftung f\u00fcr Handlungen, die aufgrund der in\" \/>\n<meta property=\"og:url\" content=\"https:\/\/t2b.ch\/en\/gated-download\/gate-to-ai-fast-track\/\" \/>\n<meta property=\"og:site_name\" content=\"t2b.ch\" \/>\n<meta property=\"article:modified_time\" content=\"2025-11-24T15:10:38+00:00\" \/>\n<meta name=\"twitter:card\" content=\"summary_large_image\" \/>\n<meta name=\"twitter:label1\" content=\"Estimated reading time\" \/>\n\t<meta name=\"twitter:data1\" content=\"1 minute\" \/>\n<script type=\"application\/ld+json\" class=\"yoast-schema-graph\">{\"@context\":\"https:\\\/\\\/schema.org\",\"@graph\":[{\"@type\":\"WebPage\",\"@id\":\"https:\\\/\\\/t2b.ch\\\/gated-download\\\/gate-to-ai-fast-track\\\/\",\"url\":\"https:\\\/\\\/t2b.ch\\\/gated-download\\\/gate-to-ai-fast-track\\\/\",\"name\":\"Gate to download PDF AI Fast Track - t2b.ch\",\"isPartOf\":{\"@id\":\"https:\\\/\\\/t2b.ch\\\/#website\"},\"datePublished\":\"2025-11-24T14:04:55+00:00\",\"dateModified\":\"2025-11-24T15:10:38+00:00\",\"breadcrumb\":{\"@id\":\"https:\\\/\\\/t2b.ch\\\/gated-download\\\/gate-to-ai-fast-track\\\/#breadcrumb\"},\"inLanguage\":\"en-GB\",\"potentialAction\":[{\"@type\":\"ReadAction\",\"target\":[\"https:\\\/\\\/t2b.ch\\\/gated-download\\\/gate-to-ai-fast-track\\\/\"]}]},{\"@type\":\"BreadcrumbList\",\"@id\":\"https:\\\/\\\/t2b.ch\\\/gated-download\\\/gate-to-ai-fast-track\\\/#breadcrumb\",\"itemListElement\":[{\"@type\":\"ListItem\",\"position\":1,\"name\":\"Startseite\",\"item\":\"https:\\\/\\\/t2b.ch\\\/\"},{\"@type\":\"ListItem\",\"position\":2,\"name\":\"Gated Download\",\"item\":\"https:\\\/\\\/t2b.ch\\\/gated-download\\\/\"},{\"@type\":\"ListItem\",\"position\":3,\"name\":\"Gate to download PDF AI Fast Track\"}]},{\"@type\":\"WebSite\",\"@id\":\"https:\\\/\\\/t2b.ch\\\/#website\",\"url\":\"https:\\\/\\\/t2b.ch\\\/\",\"name\":\"t2b.ch\",\"description\":\"the integration &amp; architecture experts\",\"publisher\":{\"@id\":\"https:\\\/\\\/t2b.ch\\\/#organization\"},\"potentialAction\":[{\"@type\":\"SearchAction\",\"target\":{\"@type\":\"EntryPoint\",\"urlTemplate\":\"https:\\\/\\\/t2b.ch\\\/?s={search_term_string}\"},\"query-input\":{\"@type\":\"PropertyValueSpecification\",\"valueRequired\":true,\"valueName\":\"search_term_string\"}}],\"inLanguage\":\"en-GB\"},{\"@type\":\"Organization\",\"@id\":\"https:\\\/\\\/t2b.ch\\\/#organization\",\"name\":\"t2b AG\",\"url\":\"https:\\\/\\\/t2b.ch\\\/\",\"logo\":{\"@type\":\"ImageObject\",\"inLanguage\":\"en-GB\",\"@id\":\"https:\\\/\\\/t2b.ch\\\/#\\\/schema\\\/logo\\\/image\\\/\",\"url\":\"https:\\\/\\\/t2b.ch\\\/wp-content\\\/uploads\\\/2026\\\/01\\\/logo_t2b_transparent2-1_25.png\",\"contentUrl\":\"https:\\\/\\\/t2b.ch\\\/wp-content\\\/uploads\\\/2026\\\/01\\\/logo_t2b_transparent2-1_25.png\",\"width\":778,\"height\":320,\"caption\":\"t2b AG\"},\"image\":{\"@id\":\"https:\\\/\\\/t2b.ch\\\/#\\\/schema\\\/logo\\\/image\\\/\"},\"sameAs\":[\"https:\\\/\\\/www.linkedin.com\\\/company\\\/t2b-ag\"]}]}<\/script>\n<!-- \/ Yoast SEO plugin. -->","yoast_head_json":{"title":"Gate to download PDF AI Fast Track - t2b.ch","robots":{"index":"index","follow":"follow","max-snippet":"max-snippet:-1","max-image-preview":"max-image-preview:large","max-video-preview":"max-video-preview:-1"},"canonical":"https:\/\/t2b.ch\/en\/gated-download\/gate-to-ai-fast-track\/","og_locale":"en_GB","og_type":"article","og_title":"Gate to download PDF AI Fast Track - t2b.ch","og_description":"Ihre Privatsph\u00e4re und Nutzung dieses Materials Wir respektieren Ihre Privatsph\u00e4re. Die von Ihnen angegebenen Informationen werden vertraulich behandelt und nicht au\u00dferhalb von t2b weitergegeben. Das PDF, das Sie gleich herunterladen, enth\u00e4lt Gesch\u00e4ftsinformationen und Hinweise zu strategischen Themen. Es ersetzt jedoch keine professionelle Beratung durch t2b-Experten. t2b \u00fcbernimmt keine Haftung f\u00fcr Handlungen, die aufgrund der in","og_url":"https:\/\/t2b.ch\/en\/gated-download\/gate-to-ai-fast-track\/","og_site_name":"t2b.ch","article_modified_time":"2025-11-24T15:10:38+00:00","twitter_card":"summary_large_image","twitter_misc":{"Estimated reading time":"1 minute"},"schema":{"@context":"https:\/\/schema.org","@graph":[{"@type":"WebPage","@id":"https:\/\/t2b.ch\/gated-download\/gate-to-ai-fast-track\/","url":"https:\/\/t2b.ch\/gated-download\/gate-to-ai-fast-track\/","name":"Gate to download PDF AI Fast Track - t2b.ch","isPartOf":{"@id":"https:\/\/t2b.ch\/#website"},"datePublished":"2025-11-24T14:04:55+00:00","dateModified":"2025-11-24T15:10:38+00:00","breadcrumb":{"@id":"https:\/\/t2b.ch\/gated-download\/gate-to-ai-fast-track\/#breadcrumb"},"inLanguage":"en-GB","potentialAction":[{"@type":"ReadAction","target":["https:\/\/t2b.ch\/gated-download\/gate-to-ai-fast-track\/"]}]},{"@type":"BreadcrumbList","@id":"https:\/\/t2b.ch\/gated-download\/gate-to-ai-fast-track\/#breadcrumb","itemListElement":[{"@type":"ListItem","position":1,"name":"Startseite","item":"https:\/\/t2b.ch\/"},{"@type":"ListItem","position":2,"name":"Gated Download","item":"https:\/\/t2b.ch\/gated-download\/"},{"@type":"ListItem","position":3,"name":"Gate to download PDF AI Fast Track"}]},{"@type":"WebSite","@id":"https:\/\/t2b.ch\/#website","url":"https:\/\/t2b.ch\/","name":"t2b.ch","description":"the integration &amp; architecture experts","publisher":{"@id":"https:\/\/t2b.ch\/#organization"},"potentialAction":[{"@type":"SearchAction","target":{"@type":"EntryPoint","urlTemplate":"https:\/\/t2b.ch\/?s={search_term_string}"},"query-input":{"@type":"PropertyValueSpecification","valueRequired":true,"valueName":"search_term_string"}}],"inLanguage":"en-GB"},{"@type":"Organization","@id":"https:\/\/t2b.ch\/#organization","name":"t2b AG","url":"https:\/\/t2b.ch\/","logo":{"@type":"ImageObject","inLanguage":"en-GB","@id":"https:\/\/t2b.ch\/#\/schema\/logo\/image\/","url":"https:\/\/t2b.ch\/wp-content\/uploads\/2026\/01\/logo_t2b_transparent2-1_25.png","contentUrl":"https:\/\/t2b.ch\/wp-content\/uploads\/2026\/01\/logo_t2b_transparent2-1_25.png","width":778,"height":320,"caption":"t2b AG"},"image":{"@id":"https:\/\/t2b.ch\/#\/schema\/logo\/image\/"},"sameAs":["https:\/\/www.linkedin.com\/company\/t2b-ag"]}]}},"_links":{"self":[{"href":"https:\/\/t2b.ch\/en\/wp-json\/wp\/v2\/pages\/7855","targetHints":{"allow":["GET"]}}],"collection":[{"href":"https:\/\/t2b.ch\/en\/wp-json\/wp\/v2\/pages"}],"about":[{"href":"https:\/\/t2b.ch\/en\/wp-json\/wp\/v2\/types\/page"}],"author":[{"embeddable":true,"href":"https:\/\/t2b.ch\/en\/wp-json\/wp\/v2\/users\/6"}],"replies":[{"embeddable":true,"href":"https:\/\/t2b.ch\/en\/wp-json\/wp\/v2\/comments?post=7855"}],"version-history":[{"count":10,"href":"https:\/\/t2b.ch\/en\/wp-json\/wp\/v2\/pages\/7855\/revisions"}],"predecessor-version":[{"id":7898,"href":"https:\/\/t2b.ch\/en\/wp-json\/wp\/v2\/pages\/7855\/revisions\/7898"}],"up":[{"embeddable":true,"href":"https:\/\/t2b.ch\/en\/wp-json\/wp\/v2\/pages\/7853"}],"wp:attachment":[{"href":"https:\/\/t2b.ch\/en\/wp-json\/wp\/v2\/media?parent=7855"}],"curies":[{"name":"wp","href":"https:\/\/api.w.org\/{rel}","templated":true}]}}