{"id":6002,"date":"2023-07-10T17:11:54","date_gmt":"2023-07-10T15:11:54","guid":{"rendered":"https:\/\/t2b.ch\/new\/?page_id=6002"},"modified":"2025-02-03T18:05:33","modified_gmt":"2025-02-03T17:05:33","slug":"jobs","status":"publish","type":"page","link":"https:\/\/t2b.ch\/en\/jobs\/","title":{"rendered":"Jobs"},"content":{"rendered":"\t\t<div data-elementor-type=\"wp-page\" data-elementor-id=\"6002\" class=\"elementor elementor-6002\" data-elementor-post-type=\"page\">\n\t\t\t\t\t\t<section class=\"elementor-section elementor-top-section elementor-element elementor-element-0cea0fb elementor-section-boxed elementor-section-height-default elementor-section-height-default wpr-particle-no wpr-jarallax-no wpr-parallax-no wpr-sticky-section-no wpr-equal-height-no\" data-id=\"0cea0fb\" data-element_type=\"section\" data-e-type=\"section\" data-settings=\"{&quot;background_background&quot;:&quot;classic&quot;}\">\n\t\t\t\t\t\t<div class=\"elementor-container elementor-column-gap-default\">\n\t\t\t\t\t<div class=\"elementor-column elementor-col-16 elementor-top-column elementor-element elementor-element-0e34659\" data-id=\"0e34659\" data-element_type=\"column\" data-e-type=\"column\">\n\t\t\t<div class=\"elementor-widget-wrap\">\n\t\t\t\t\t\t\t<\/div>\n\t\t<\/div>\n\t\t\t\t<div class=\"elementor-column elementor-col-66 elementor-top-column elementor-element elementor-element-6bd0b37\" data-id=\"6bd0b37\" data-element_type=\"column\" data-e-type=\"column\">\n\t\t\t<div class=\"elementor-widget-wrap elementor-element-populated\">\n\t\t\t\t\t\t<div class=\"elementor-element elementor-element-dc0e33c elementor-widget elementor-widget-heading\" data-id=\"dc0e33c\" data-element_type=\"widget\" data-e-type=\"widget\" data-widget_type=\"heading.default\">\n\t\t\t\t<div class=\"elementor-widget-container\">\n\t\t\t\t\t<h2 class=\"elementor-heading-title elementor-size-default\">Offene Stellen, Jobs in Bern<\/h2>\t\t\t\t<\/div>\n\t\t\t\t<\/div>\n\t\t\t\t<div class=\"elementor-element elementor-element-980d903 elementor-widget elementor-widget-text-editor\" data-id=\"980d903\" data-element_type=\"widget\" data-e-type=\"widget\" data-widget_type=\"text-editor.default\">\n\t\t\t\t<div class=\"elementor-widget-container\">\n\t\t\t\t\t\t\t\t\tWir sind ein Team, das auf Enterprise Architektur, Integrations- und Daten-Architektur spezialisiert ist.\t\t\t\t\t\t\t\t<\/div>\n\t\t\t\t<\/div>\n\t\t\t\t<div class=\"elementor-element elementor-element-bd7b331 elementor-widget elementor-widget-text-editor\" data-id=\"bd7b331\" data-element_type=\"widget\" data-e-type=\"widget\" data-widget_type=\"text-editor.default\">\n\t\t\t\t<div class=\"elementor-widget-container\">\n\t\t\t\t\t\t\t\t\t<p>t2b sind 25 Seniors und wir beraten Kunden, erstellen Konzepte und Vorgehensweisen, und implementieren diese auch.<\/p>\t\t\t\t\t\t\t\t<\/div>\n\t\t\t\t<\/div>\n\t\t\t\t<div class=\"elementor-element elementor-element-fd52fd6 elementor-widget elementor-widget-text-editor\" data-id=\"fd52fd6\" data-element_type=\"widget\" data-e-type=\"widget\" data-widget_type=\"text-editor.default\">\n\t\t\t\t<div class=\"elementor-widget-container\">\n\t\t\t\t\t\t\t\t\tWir wollen effektive, zuverl\u00e4ssige Partner sein \u2013 einige Kunden danken uns dies mit Zusammenarbeit seit unserer Gr\u00fcndung 2001.\nAktuell suchen wir\t\t\t\t\t\t\t\t<\/div>\n\t\t\t\t<\/div>\n\t\t\t\t<div class=\"elementor-element elementor-element-0512d1b wpr-grid-columns-1 wpr-grid-columns--tablet2 wpr-grid-columns--mobile1 wpr-item-styles-inner elementor-widget elementor-widget-wpr-grid\" data-id=\"0512d1b\" data-element_type=\"widget\" data-e-type=\"widget\" data-widget_type=\"wpr-grid.default\">\n\t\t\t\t<div class=\"elementor-widget-container\">\n\t\t\t\t\t<ul class=\"wpr-grid-filters elementor-clearfix wpr-grid-filters-sep-right\"><li class=\" wpr-pointer-none wpr-pointer-line-fx wpr-pointer-fx-none\"><span  data-filter=\"*\" class=\"wpr-grid-filters-item wpr-active-filter \">All Post<\/span><em class=\"wpr-grid-filters-sep\"><\/em><\/li><li class=\" wpr-pointer-none wpr-pointer-line-fx wpr-pointer-fx-none\"><span   data-ajax-filter=[\"category\",\"jobs\"]  data-filter=\".category-jobs\">Jobs<\/span><em class=\"wpr-grid-filters-sep\"><\/em><\/li><\/ul><section class=\"wpr-grid elementor-clearfix\" data-settings=\"{&quot;layout&quot;:&quot;fitRows&quot;,&quot;stick_last_element_to_bottom&quot;:&quot;&quot;,&quot;columns_desktop&quot;:&quot;1&quot;,&quot;gutter_hr&quot;:15,&quot;gutter_hr_mobile&quot;:15,&quot;gutter_hr_mobile_extra&quot;:15,&quot;gutter_hr_tablet&quot;:15,&quot;gutter_hr_tablet_extra&quot;:15,&quot;gutter_hr_laptop&quot;:15,&quot;gutter_hr_widescreen&quot;:15,&quot;gutter_vr&quot;:15,&quot;gutter_vr_mobile&quot;:15,&quot;gutter_vr_mobile_extra&quot;:15,&quot;gutter_vr_tablet&quot;:15,&quot;gutter_vr_tablet_extra&quot;:15,&quot;gutter_vr_laptop&quot;:15,&quot;gutter_vr_widescreen&quot;:15,&quot;animation&quot;:&quot;default&quot;,&quot;animation_duration&quot;:0.3,&quot;animation_delay&quot;:0.1,&quot;deeplinking&quot;:&quot;&quot;,&quot;filters_linkable&quot;:&quot;no&quot;,&quot;filters_default_filter&quot;:&quot;&quot;,&quot;filters_count&quot;:&quot;&quot;,&quot;filters_hide_empty&quot;:&quot;no&quot;,&quot;filters_animation&quot;:&quot;default&quot;,&quot;filters_animation_duration&quot;:0.3,&quot;filters_animation_delay&quot;:0.1,&quot;pagination_type&quot;:&quot;load-more&quot;,&quot;pagination_max_pages&quot;:1,&quot;lightbox&quot;:{&quot;selector&quot;:&quot;.wpr-grid-image-wrap&quot;,&quot;iframeMaxWidth&quot;:&quot;60%&quot;,&quot;hash&quot;:false,&quot;autoplay&quot;:&quot;&quot;,&quot;pause&quot;:5000,&quot;progressBar&quot;:&quot;true&quot;,&quot;counter&quot;:&quot;&quot;,&quot;controls&quot;:&quot;&quot;,&quot;getCaptionFromTitleOrAlt&quot;:&quot;&quot;,&quot;thumbnail&quot;:&quot;&quot;,&quot;showThumbByDefault&quot;:&quot;&quot;,&quot;share&quot;:&quot;&quot;,&quot;zoom&quot;:&quot;&quot;,&quot;fullScreen&quot;:&quot;&quot;,&quot;download&quot;:&quot;&quot;}}\" data-advanced-filters=\"no\"><article class=\"wpr-grid-item elementor-clearfix post-6177 post type-post status-publish format-standard hentry category-jobs\"><div class=\"wpr-grid-item-inner\"><div class=\"wpr-grid-item-below-content elementor-clearfix\"><h2 class=\"wpr-grid-item-title elementor-repeater-item-a39f43e wpr-grid-item-display-block wpr-grid-item-align-left wpr-pointer-none wpr-pointer-line-fx wpr-pointer-fx-fade\"><div class=\"inner-block\"><a target=\"_self\"  href=\"https:\/\/t2b.ch\/en\/jobs-stv_geschaeftsfuehrer\/\">Sales Manager IT-Dienstleistungen als Stv. Gesch\u00e4ftsf\u00fchrer (Basel\/Bern\/Luzern\/Z\u00fcrich)<\/a><\/div><\/h2><div class=\"wpr-grid-item-separator elementor-repeater-item-a1d3b11 wpr-grid-item-display-block wpr-grid-item-align-left wpr-grid-sep-style-1\"><div class=\"inner-block\"><span><\/span><\/div><\/div><div class=\"wpr-grid-item-excerpt elementor-repeater-item-f79649c wpr-grid-item-display-block wpr-grid-item-align-left\"><div class=\"inner-block\"><p>Stv. Gesch\u00e4ftsf\u00fchrer\/in mit Verkaufserfahrung in IT-Dienstleistungen (Basel\/Bern\/Z\u00fcrich\/Luzern) DIE Karrierem\u00f6glichkeit f\u00fcr eine dynamische Pers\u00f6nlichkeit F\u00fcr unsere Gesch\u00e4ftsleitung suche ich eine\/n Kollegen\/in...<\/p><\/div><\/div><div class=\"wpr-grid-item-read-more elementor-repeater-item-f32a78b wpr-grid-item-display-block wpr-grid-item-align-left\"><div class=\"inner-block\"><a target=\"_self\" href=\"https:\/\/t2b.ch\/en\/jobs-stv_geschaeftsfuehrer\/\" class=\"wpr-button-effect wpr-button-none\"><span>Mehr dazu<\/span><\/a><\/div><\/div><\/div><\/div><\/article><article class=\"wpr-grid-item elementor-clearfix post-5035 post type-post status-publish format-standard hentry category-jobs\"><div class=\"wpr-grid-item-inner\"><div class=\"wpr-grid-item-below-content elementor-clearfix\"><h2 class=\"wpr-grid-item-title elementor-repeater-item-a39f43e wpr-grid-item-display-block wpr-grid-item-align-left wpr-pointer-none wpr-pointer-line-fx wpr-pointer-fx-fade\"><div class=\"inner-block\"><a target=\"_self\"  href=\"https:\/\/t2b.ch\/en\/jobs-architekten-egov-bern\/\">Mehrere Unternehmens- , Daten-, L\u00f6sungs- &amp; Technologie- Architekten (eGov, Bern)<\/a><\/div><\/h2><div class=\"wpr-grid-item-separator elementor-repeater-item-a1d3b11 wpr-grid-item-display-block wpr-grid-item-align-left wpr-grid-sep-style-1\"><div class=\"inner-block\"><span><\/span><\/div><\/div><div class=\"wpr-grid-item-excerpt elementor-repeater-item-f79649c wpr-grid-item-display-block wpr-grid-item-align-left\"><div class=\"inner-block\"><p>Mehrere Unternehmens- , Daten-, L\u00f6sungs- &amp; Technologie- Architekten (eGov, Bern)Unsere Kunden erwarten von uns Premium Qualit\u00e4t.Als Partner verschiedener Departemente in...<\/p><\/div><\/div><div class=\"wpr-grid-item-read-more elementor-repeater-item-f32a78b wpr-grid-item-display-block wpr-grid-item-align-left\"><div class=\"inner-block\"><a target=\"_self\" href=\"https:\/\/t2b.ch\/en\/jobs-architekten-egov-bern\/\" class=\"wpr-button-effect wpr-button-none\"><span>Mehr dazu<\/span><\/a><\/div><\/div><\/div><\/div><\/article><\/section>\t\t\t\t<\/div>\n\t\t\t\t<\/div>\n\t\t\t\t\t<\/div>\n\t\t<\/div>\n\t\t\t\t<div class=\"elementor-column elementor-col-16 elementor-top-column elementor-element elementor-element-015e882\" data-id=\"015e882\" data-element_type=\"column\" data-e-type=\"column\">\n\t\t\t<div class=\"elementor-widget-wrap\">\n\t\t\t\t\t\t\t<\/div>\n\t\t<\/div>\n\t\t\t\t\t<\/div>\n\t\t<\/section>\n\t\t\t\t<\/div>\n\t\t","protected":false},"excerpt":{"rendered":"<p>Offene Stellen, Jobs in Bern Wir sind ein Team, das auf Enterprise Architektur, Integrations- und Daten-Architektur spezialisiert ist. t2b sind 25 Seniors und wir beraten Kunden, erstellen Konzepte und Vorgehensweisen, und implementieren diese auch. Wir wollen effektive, zuverl\u00e4ssige Partner sein \u2013 einige Kunden danken uns dies mit Zusammenarbeit seit unserer Gr\u00fcndung 2001. Aktuell suchen wir<\/p>","protected":false},"author":1,"featured_media":0,"parent":0,"menu_order":0,"comment_status":"closed","ping_status":"closed","template":"","meta":{"site-sidebar-layout":"no-sidebar","site-content-layout":"page-builder","ast-site-content-layout":"default","site-content-style":"default","site-sidebar-style":"default","ast-global-header-display":"","ast-banner-title-visibility":"","ast-main-header-display":"","ast-hfb-above-header-display":"","ast-hfb-below-header-display":"","ast-hfb-mobile-header-display":"","site-post-title":"disabled","ast-breadcrumbs-content":"","ast-featured-img":"disabled","footer-sml-layout":"","ast-disable-related-posts":"","theme-transparent-header-meta":"","adv-header-id-meta":"","stick-header-meta":"","header-above-stick-meta":"","header-main-stick-meta":"","header-below-stick-meta":"","astra-migrate-meta-layouts":"default","ast-page-background-enabled":"default","ast-page-background-meta":{"desktop":{"background-color":"","background-image":"","background-repeat":"repeat","background-position":"center center","background-size":"auto","background-attachment":"scroll","background-type":"","background-media":"","overlay-type":"","overlay-color":"","overlay-opacity":"","overlay-gradient":""},"tablet":{"background-color":"","background-image":"","background-repeat":"repeat","background-position":"center center","background-size":"auto","background-attachment":"scroll","background-type":"","background-media":"","overlay-type":"","overlay-color":"","overlay-opacity":"","overlay-gradient":""},"mobile":{"background-color":"","background-image":"","background-repeat":"repeat","background-position":"center center","background-size":"auto","background-attachment":"scroll","background-type":"","background-media":"","overlay-type":"","overlay-color":"","overlay-opacity":"","overlay-gradient":""}},"ast-content-background-meta":{"desktop":{"background-color":"var(--ast-global-color-5)","background-image":"","background-repeat":"repeat","background-position":"center center","background-size":"auto","background-attachment":"scroll","background-type":"","background-media":"","overlay-type":"","overlay-color":"","overlay-opacity":"","overlay-gradient":""},"tablet":{"background-color":"var(--ast-global-color-5)","background-image":"","background-repeat":"repeat","background-position":"center center","background-size":"auto","background-attachment":"scroll","background-type":"","background-media":"","overlay-type":"","overlay-color":"","overlay-opacity":"","overlay-gradient":""},"mobile":{"background-color":"var(--ast-global-color-5)","background-image":"","background-repeat":"repeat","background-position":"center center","background-size":"auto","background-attachment":"scroll","background-type":"","background-media":"","overlay-type":"","overlay-color":"","overlay-opacity":"","overlay-gradient":""}},"footnotes":""},"class_list":["post-6002","page","type-page","status-publish","hentry"],"yoast_head":"<!-- This site is optimized with the Yoast SEO plugin v27.4 - https:\/\/yoast.com\/product\/yoast-seo-wordpress\/ -->\n<title>Jobs - t2b.ch<\/title>\n<meta name=\"robots\" content=\"index, follow, max-snippet:-1, max-image-preview:large, max-video-preview:-1\" \/>\n<link rel=\"canonical\" href=\"https:\/\/t2b.ch\/en\/jobs\/\" \/>\n<meta property=\"og:locale\" content=\"en_GB\" \/>\n<meta property=\"og:type\" content=\"article\" \/>\n<meta property=\"og:title\" content=\"Jobs - t2b.ch\" \/>\n<meta property=\"og:description\" content=\"Offene Stellen, Jobs in Bern Wir sind ein Team, das auf Enterprise Architektur, Integrations- und Daten-Architektur spezialisiert ist. t2b sind 25 Seniors und wir beraten Kunden, erstellen Konzepte und Vorgehensweisen, und implementieren diese auch. Wir wollen effektive, zuverl\u00e4ssige Partner sein \u2013 einige Kunden danken uns dies mit Zusammenarbeit seit unserer Gr\u00fcndung 2001. Aktuell suchen wir\" \/>\n<meta property=\"og:url\" content=\"https:\/\/t2b.ch\/en\/jobs\/\" \/>\n<meta property=\"og:site_name\" content=\"t2b.ch\" \/>\n<meta property=\"article:modified_time\" content=\"2025-02-03T17:05:33+00:00\" \/>\n<meta name=\"twitter:card\" content=\"summary_large_image\" \/>\n<meta name=\"twitter:label1\" content=\"Estimated reading time\" \/>\n\t<meta name=\"twitter:data1\" content=\"1 minute\" \/>\n<script type=\"application\/ld+json\" class=\"yoast-schema-graph\">{\"@context\":\"https:\\\/\\\/schema.org\",\"@graph\":[{\"@type\":\"WebPage\",\"@id\":\"https:\\\/\\\/t2b.ch\\\/jobs\\\/\",\"url\":\"https:\\\/\\\/t2b.ch\\\/jobs\\\/\",\"name\":\"Jobs - t2b.ch\",\"isPartOf\":{\"@id\":\"https:\\\/\\\/t2b.ch\\\/#website\"},\"datePublished\":\"2023-07-10T15:11:54+00:00\",\"dateModified\":\"2025-02-03T17:05:33+00:00\",\"breadcrumb\":{\"@id\":\"https:\\\/\\\/t2b.ch\\\/jobs\\\/#breadcrumb\"},\"inLanguage\":\"en-GB\",\"potentialAction\":[{\"@type\":\"ReadAction\",\"target\":[\"https:\\\/\\\/t2b.ch\\\/jobs\\\/\"]}]},{\"@type\":\"BreadcrumbList\",\"@id\":\"https:\\\/\\\/t2b.ch\\\/jobs\\\/#breadcrumb\",\"itemListElement\":[{\"@type\":\"ListItem\",\"position\":1,\"name\":\"Startseite\",\"item\":\"https:\\\/\\\/t2b.ch\\\/\"},{\"@type\":\"ListItem\",\"position\":2,\"name\":\"Jobs\"}]},{\"@type\":\"WebSite\",\"@id\":\"https:\\\/\\\/t2b.ch\\\/#website\",\"url\":\"https:\\\/\\\/t2b.ch\\\/\",\"name\":\"t2b.ch\",\"description\":\"the integration &amp; architecture experts\",\"publisher\":{\"@id\":\"https:\\\/\\\/t2b.ch\\\/#organization\"},\"potentialAction\":[{\"@type\":\"SearchAction\",\"target\":{\"@type\":\"EntryPoint\",\"urlTemplate\":\"https:\\\/\\\/t2b.ch\\\/?s={search_term_string}\"},\"query-input\":{\"@type\":\"PropertyValueSpecification\",\"valueRequired\":true,\"valueName\":\"search_term_string\"}}],\"inLanguage\":\"en-GB\"},{\"@type\":\"Organization\",\"@id\":\"https:\\\/\\\/t2b.ch\\\/#organization\",\"name\":\"t2b AG\",\"url\":\"https:\\\/\\\/t2b.ch\\\/\",\"logo\":{\"@type\":\"ImageObject\",\"inLanguage\":\"en-GB\",\"@id\":\"https:\\\/\\\/t2b.ch\\\/#\\\/schema\\\/logo\\\/image\\\/\",\"url\":\"https:\\\/\\\/t2b.ch\\\/wp-content\\\/uploads\\\/2026\\\/01\\\/logo_t2b_transparent2-1_25.png\",\"contentUrl\":\"https:\\\/\\\/t2b.ch\\\/wp-content\\\/uploads\\\/2026\\\/01\\\/logo_t2b_transparent2-1_25.png\",\"width\":778,\"height\":320,\"caption\":\"t2b AG\"},\"image\":{\"@id\":\"https:\\\/\\\/t2b.ch\\\/#\\\/schema\\\/logo\\\/image\\\/\"},\"sameAs\":[\"https:\\\/\\\/www.linkedin.com\\\/company\\\/t2b-ag\"]}]}<\/script>\n<!-- \/ Yoast SEO plugin. -->","yoast_head_json":{"title":"Jobs - t2b.ch","robots":{"index":"index","follow":"follow","max-snippet":"max-snippet:-1","max-image-preview":"max-image-preview:large","max-video-preview":"max-video-preview:-1"},"canonical":"https:\/\/t2b.ch\/en\/jobs\/","og_locale":"en_GB","og_type":"article","og_title":"Jobs - t2b.ch","og_description":"Offene Stellen, Jobs in Bern Wir sind ein Team, das auf Enterprise Architektur, Integrations- und Daten-Architektur spezialisiert ist. t2b sind 25 Seniors und wir beraten Kunden, erstellen Konzepte und Vorgehensweisen, und implementieren diese auch. Wir wollen effektive, zuverl\u00e4ssige Partner sein \u2013 einige Kunden danken uns dies mit Zusammenarbeit seit unserer Gr\u00fcndung 2001. Aktuell suchen wir","og_url":"https:\/\/t2b.ch\/en\/jobs\/","og_site_name":"t2b.ch","article_modified_time":"2025-02-03T17:05:33+00:00","twitter_card":"summary_large_image","twitter_misc":{"Estimated reading time":"1 minute"},"schema":{"@context":"https:\/\/schema.org","@graph":[{"@type":"WebPage","@id":"https:\/\/t2b.ch\/jobs\/","url":"https:\/\/t2b.ch\/jobs\/","name":"Jobs - t2b.ch","isPartOf":{"@id":"https:\/\/t2b.ch\/#website"},"datePublished":"2023-07-10T15:11:54+00:00","dateModified":"2025-02-03T17:05:33+00:00","breadcrumb":{"@id":"https:\/\/t2b.ch\/jobs\/#breadcrumb"},"inLanguage":"en-GB","potentialAction":[{"@type":"ReadAction","target":["https:\/\/t2b.ch\/jobs\/"]}]},{"@type":"BreadcrumbList","@id":"https:\/\/t2b.ch\/jobs\/#breadcrumb","itemListElement":[{"@type":"ListItem","position":1,"name":"Startseite","item":"https:\/\/t2b.ch\/"},{"@type":"ListItem","position":2,"name":"Jobs"}]},{"@type":"WebSite","@id":"https:\/\/t2b.ch\/#website","url":"https:\/\/t2b.ch\/","name":"t2b.ch","description":"the integration &amp; architecture experts","publisher":{"@id":"https:\/\/t2b.ch\/#organization"},"potentialAction":[{"@type":"SearchAction","target":{"@type":"EntryPoint","urlTemplate":"https:\/\/t2b.ch\/?s={search_term_string}"},"query-input":{"@type":"PropertyValueSpecification","valueRequired":true,"valueName":"search_term_string"}}],"inLanguage":"en-GB"},{"@type":"Organization","@id":"https:\/\/t2b.ch\/#organization","name":"t2b AG","url":"https:\/\/t2b.ch\/","logo":{"@type":"ImageObject","inLanguage":"en-GB","@id":"https:\/\/t2b.ch\/#\/schema\/logo\/image\/","url":"https:\/\/t2b.ch\/wp-content\/uploads\/2026\/01\/logo_t2b_transparent2-1_25.png","contentUrl":"https:\/\/t2b.ch\/wp-content\/uploads\/2026\/01\/logo_t2b_transparent2-1_25.png","width":778,"height":320,"caption":"t2b AG"},"image":{"@id":"https:\/\/t2b.ch\/#\/schema\/logo\/image\/"},"sameAs":["https:\/\/www.linkedin.com\/company\/t2b-ag"]}]}},"_links":{"self":[{"href":"https:\/\/t2b.ch\/en\/wp-json\/wp\/v2\/pages\/6002","targetHints":{"allow":["GET"]}}],"collection":[{"href":"https:\/\/t2b.ch\/en\/wp-json\/wp\/v2\/pages"}],"about":[{"href":"https:\/\/t2b.ch\/en\/wp-json\/wp\/v2\/types\/page"}],"author":[{"embeddable":true,"href":"https:\/\/t2b.ch\/en\/wp-json\/wp\/v2\/users\/1"}],"replies":[{"embeddable":true,"href":"https:\/\/t2b.ch\/en\/wp-json\/wp\/v2\/comments?post=6002"}],"version-history":[{"count":0,"href":"https:\/\/t2b.ch\/en\/wp-json\/wp\/v2\/pages\/6002\/revisions"}],"wp:attachment":[{"href":"https:\/\/t2b.ch\/en\/wp-json\/wp\/v2\/media?parent=6002"}],"curies":[{"name":"wp","href":"https:\/\/api.w.org\/{rel}","templated":true}]}}