{"id":5646,"date":"2023-06-20T11:39:51","date_gmt":"2023-06-20T09:39:51","guid":{"rendered":"https:\/\/t2b.ch\/new\/?page_id=5646"},"modified":"2024-04-25T13:30:09","modified_gmt":"2024-04-25T11:30:09","slug":"impressum","status":"publish","type":"page","link":"https:\/\/t2b.ch\/en\/impressum\/","title":{"rendered":"Impressum"},"content":{"rendered":"<div data-elementor-type=\"wp-post\" data-elementor-id=\"5646\" class=\"elementor elementor-5646\" data-elementor-post-type=\"page\">\n\t\t\t\t\t\t<section class=\"elementor-section elementor-top-section elementor-element elementor-element-xryuasi elementor-section-stretched elementor-section-boxed elementor-section-height-default elementor-section-height-default wpr-particle-no wpr-jarallax-no wpr-parallax-no wpr-sticky-section-no wpr-equal-height-no\" data-id=\"xryuasi\" data-element_type=\"section\" data-e-type=\"section\" data-settings=\"{&quot;stretch_section&quot;:&quot;section-stretched&quot;,&quot;background_background&quot;:&quot;classic&quot;}\">\n\t\t\t\t\t\t\t<div class=\"elementor-background-overlay\"><\/div>\n\t\t\t\t\t\t\t<div class=\"elementor-container elementor-column-gap-no\">\n\t\t\t\t\t<div class=\"elementor-column elementor-col-100 elementor-top-column elementor-element elementor-element-wgdobnl\" data-id=\"wgdobnl\" data-element_type=\"column\" data-e-type=\"column\">\n\t\t\t<div class=\"elementor-widget-wrap elementor-element-populated\">\n\t\t\t\t\t\t<div class=\"elementor-element elementor-element-c4e4631 elementor-widget elementor-widget-heading\" data-id=\"c4e4631\" data-element_type=\"widget\" data-e-type=\"widget\" data-widget_type=\"heading.default\">\n\t\t\t\t<div class=\"elementor-widget-container\">\n\t\t\t\t\t<h2 class=\"elementor-heading-title elementor-size-default\">Impressum<\/h2>\t\t\t\t<\/div>\n\t\t\t\t<\/div>\n\t\t\t\t<div class=\"elementor-element elementor-element-7f4310d elementor-widget-divider--view-line elementor-widget elementor-widget-divider\" data-id=\"7f4310d\" data-element_type=\"widget\" data-e-type=\"widget\" data-widget_type=\"divider.default\">\n\t\t\t\t<div class=\"elementor-widget-container\">\n\t\t\t\t\t\t\t<div class=\"elementor-divider\">\n\t\t\t<span class=\"elementor-divider-separator\">\n\t\t\t\t\t\t<\/span>\n\t\t<\/div>\n\t\t\t\t\t\t<\/div>\n\t\t\t\t<\/div>\n\t\t\t\t\t<\/div>\n\t\t<\/div>\n\t\t\t\t\t<\/div>\n\t\t<\/section>\n\t\t\t\t<section class=\"elementor-section elementor-top-section elementor-element elementor-element-traqjpf elementor-section-boxed elementor-section-height-default elementor-section-height-default wpr-particle-no wpr-jarallax-no wpr-parallax-no wpr-sticky-section-no wpr-equal-height-no\" data-id=\"traqjpf\" data-element_type=\"section\" data-e-type=\"section\" data-settings=\"{&quot;background_background&quot;:&quot;classic&quot;}\">\n\t\t\t\t\t\t<div class=\"elementor-container elementor-column-gap-no\">\n\t\t\t\t\t<div class=\"elementor-column elementor-col-100 elementor-top-column elementor-element elementor-element-ejpwres\" data-id=\"ejpwres\" data-element_type=\"column\" data-e-type=\"column\">\n\t\t\t<div class=\"elementor-widget-wrap elementor-element-populated\">\n\t\t\t\t\t\t<div class=\"elementor-element elementor-element-39636f9 elementor-widget elementor-widget-heading\" data-id=\"39636f9\" data-element_type=\"widget\" data-e-type=\"widget\" data-widget_type=\"heading.default\">\n\t\t\t\t<div class=\"elementor-widget-container\">\n\t\t\t\t\t<h2 class=\"elementor-heading-title elementor-size-default\">Impressum<\/h2>\t\t\t\t<\/div>\n\t\t\t\t<\/div>\n\t\t\t\t<div class=\"elementor-element elementor-element-ede9388 elementor-widget-divider--view-line elementor-widget elementor-widget-divider\" data-id=\"ede9388\" data-element_type=\"widget\" data-e-type=\"widget\" data-widget_type=\"divider.default\">\n\t\t\t\t<div class=\"elementor-widget-container\">\n\t\t\t\t\t\t\t<div class=\"elementor-divider\">\n\t\t\t<span class=\"elementor-divider-separator\">\n\t\t\t\t\t\t<\/span>\n\t\t<\/div>\n\t\t\t\t\t\t<\/div>\n\t\t\t\t<\/div>\n\t\t\t\t<div class=\"elementor-element elementor-element-90a1fbc elementor-widget elementor-widget-heading\" data-id=\"90a1fbc\" data-element_type=\"widget\" data-e-type=\"widget\" data-widget_type=\"heading.default\">\n\t\t\t\t<div class=\"elementor-widget-container\">\n\t\t\t\t\t<h2 class=\"elementor-heading-title elementor-size-default\">Kontaktadresse<\/h2>\t\t\t\t<\/div>\n\t\t\t\t<\/div>\n\t\t\t\t<div class=\"elementor-element elementor-element-d9d9c9b elementor-widget elementor-widget-text-editor\" data-id=\"d9d9c9b\" data-element_type=\"widget\" data-e-type=\"widget\" data-widget_type=\"text-editor.default\">\n\t\t\t\t<div class=\"elementor-widget-container\">\n\t\t\t\t\t\t\t\t\t<p>t2b AG<br \/>Centralbahnplatz 9\/10<br \/>4051 Basel<br \/>telefon: +41(61) 272 00 40<br \/><a href=\"mailto:info@t2b.ch\">info@t2b.ch\u00a0<\/a><\/p>\t\t\t\t\t\t\t\t<\/div>\n\t\t\t\t<\/div>\n\t\t\t\t<div class=\"elementor-element elementor-element-0cd556f elementor-widget elementor-widget-spacer\" data-id=\"0cd556f\" data-element_type=\"widget\" data-e-type=\"widget\" data-widget_type=\"spacer.default\">\n\t\t\t\t<div class=\"elementor-widget-container\">\n\t\t\t\t\t\t\t<div class=\"elementor-spacer\">\n\t\t\t<div class=\"elementor-spacer-inner\"><\/div>\n\t\t<\/div>\n\t\t\t\t\t\t<\/div>\n\t\t\t\t<\/div>\n\t\t\t\t<div class=\"elementor-element elementor-element-e4b7381 elementor-widget elementor-widget-heading\" data-id=\"e4b7381\" data-element_type=\"widget\" data-e-type=\"widget\" data-widget_type=\"heading.default\">\n\t\t\t\t<div class=\"elementor-widget-container\">\n\t\t\t\t\t<h2 class=\"elementor-heading-title elementor-size-default\">Konzept &amp; Design<\/h2>\t\t\t\t<\/div>\n\t\t\t\t<\/div>\n\t\t\t\t<div class=\"elementor-element elementor-element-3e5859a elementor-widget elementor-widget-text-editor\" data-id=\"3e5859a\" data-element_type=\"widget\" data-e-type=\"widget\" data-widget_type=\"text-editor.default\">\n\t\t\t\t<div class=\"elementor-widget-container\">\n\t\t\t\t\t\t\t\t\t<p>Das Konzept und Design wurde durch <a href=\"https:\/\/masterhomepage.ch\">Masterhomepage GmbH<\/a> realisiert.<\/p>\t\t\t\t\t\t\t\t<\/div>\n\t\t\t\t<\/div>\n\t\t\t\t<div class=\"elementor-element elementor-element-e5474a2 elementor-widget elementor-widget-spacer\" data-id=\"e5474a2\" data-element_type=\"widget\" data-e-type=\"widget\" data-widget_type=\"spacer.default\">\n\t\t\t\t<div class=\"elementor-widget-container\">\n\t\t\t\t\t\t\t<div class=\"elementor-spacer\">\n\t\t\t<div class=\"elementor-spacer-inner\"><\/div>\n\t\t<\/div>\n\t\t\t\t\t\t<\/div>\n\t\t\t\t<\/div>\n\t\t\t\t<div class=\"elementor-element elementor-element-8050597 elementor-widget elementor-widget-heading\" data-id=\"8050597\" data-element_type=\"widget\" data-e-type=\"widget\" data-widget_type=\"heading.default\">\n\t\t\t\t<div class=\"elementor-widget-container\">\n\t\t\t\t\t<h2 class=\"elementor-heading-title elementor-size-default\">Copyright<\/h2>\t\t\t\t<\/div>\n\t\t\t\t<\/div>\n\t\t\t\t<div class=\"elementor-element elementor-element-6fdf8cb elementor-widget elementor-widget-text-editor\" data-id=\"6fdf8cb\" data-element_type=\"widget\" data-e-type=\"widget\" data-widget_type=\"text-editor.default\">\n\t\t\t\t<div class=\"elementor-widget-container\">\n\t\t\t\t\t\t\t\t\tDas Copyright des Konzepts, der Bilder\/Fotos und der textlichen Inhalte liegen bei der Masterhomepage GmbH.\t\t\t\t\t\t\t\t<\/div>\n\t\t\t\t<\/div>\n\t\t\t\t<div class=\"elementor-element elementor-element-e762808 elementor-widget elementor-widget-spacer\" data-id=\"e762808\" data-element_type=\"widget\" data-e-type=\"widget\" data-widget_type=\"spacer.default\">\n\t\t\t\t<div class=\"elementor-widget-container\">\n\t\t\t\t\t\t\t<div class=\"elementor-spacer\">\n\t\t\t<div class=\"elementor-spacer-inner\"><\/div>\n\t\t<\/div>\n\t\t\t\t\t\t<\/div>\n\t\t\t\t<\/div>\n\t\t\t\t<div class=\"elementor-element elementor-element-ce08624 elementor-widget elementor-widget-heading\" data-id=\"ce08624\" data-element_type=\"widget\" data-e-type=\"widget\" data-widget_type=\"heading.default\">\n\t\t\t\t<div class=\"elementor-widget-container\">\n\t\t\t\t\t<h2 class=\"elementor-heading-title elementor-size-default\">Haftungseinschr\u00e4nkung<\/h2>\t\t\t\t<\/div>\n\t\t\t\t<\/div>\n\t\t\t\t<div class=\"elementor-element elementor-element-244fb03 elementor-widget elementor-widget-text-editor\" data-id=\"244fb03\" data-element_type=\"widget\" data-e-type=\"widget\" data-widget_type=\"text-editor.default\">\n\t\t\t\t<div class=\"elementor-widget-container\">\n\t\t\t\t\t\t\t\t\tMit der Nutzung dieser Website akzeptieren Sie die nachfolgenden Bedingungen.\t\t\t\t\t\t\t\t<\/div>\n\t\t\t\t<\/div>\n\t\t\t\t<div class=\"elementor-element elementor-element-e1fa6c1 elementor-widget elementor-widget-text-editor\" data-id=\"e1fa6c1\" data-element_type=\"widget\" data-e-type=\"widget\" data-widget_type=\"text-editor.default\">\n\t\t\t\t<div class=\"elementor-widget-container\">\n\t\t\t\t\t\t\t\t\tWir haben diese Website mit gr\u00f6sstm\u00f6glicher Sorgfalt erstellt. Wir \u00fcbernehmen jedoch keine Gew\u00e4hr f\u00fcr der Richtigkeit, Vollst\u00e4ndigkeit, Exaktheit und Aktualit\u00e4t der auf dieser Webseite bereitgestellten Inhalte. Wir \u00fcbernehmen auch keine Gew\u00e4hrleistung hinsichtlich der Qualit\u00e4t der Inhalte, die \u00fcber diese Webseite weitergegeben oder heruntergeladen werden. Wir behalten uns vor, Teile der Website oder das gesamte Angebot ohne spezielle Ank\u00fcndigung zu ver\u00e4ndern, erg\u00e4nzen oder l\u00f6schen.\t\t\t\t\t\t\t\t<\/div>\n\t\t\t\t<\/div>\n\t\t\t\t<div class=\"elementor-element elementor-element-f866cb1 elementor-widget elementor-widget-spacer\" data-id=\"f866cb1\" data-element_type=\"widget\" data-e-type=\"widget\" data-widget_type=\"spacer.default\">\n\t\t\t\t<div class=\"elementor-widget-container\">\n\t\t\t\t\t\t\t<div class=\"elementor-spacer\">\n\t\t\t<div class=\"elementor-spacer-inner\"><\/div>\n\t\t<\/div>\n\t\t\t\t\t\t<\/div>\n\t\t\t\t<\/div>\n\t\t\t\t<div class=\"elementor-element elementor-element-09e123b elementor-widget elementor-widget-heading\" data-id=\"09e123b\" data-element_type=\"widget\" data-e-type=\"widget\" data-widget_type=\"heading.default\">\n\t\t\t\t<div class=\"elementor-widget-container\">\n\t\t\t\t\t<h2 class=\"elementor-heading-title elementor-size-default\">Urheber- und Leistungsschutzrechte<\/h2>\t\t\t\t<\/div>\n\t\t\t\t<\/div>\n\t\t\t\t<div class=\"elementor-element elementor-element-644d2a6 elementor-widget elementor-widget-text-editor\" data-id=\"644d2a6\" data-element_type=\"widget\" data-e-type=\"widget\" data-widget_type=\"text-editor.default\">\n\t\t\t\t<div class=\"elementor-widget-container\">\n\t\t\t\t\t\t\t\t\tAlle auf dieser Website ver\u00f6ffentlichten Inhalte unterliegen dem Urheber- und Leistungsschutzrecht. Inhalte dieser Website d\u00fcrfen nur mit vorg\u00e4ngiger, schriftlicher Zustimmung und unter Angabe des Copyrights verwendet werden. Dies gilt insbesondere f\u00fcr Vervielf\u00e4ltigung, Bearbeitung, \u00dcbersetzung, Einspeicherung, Verarbeitung bzw. Wiedergabe von Inhalten in Datenbanken oder anderen elektronischen Medien und Systemen. Inhalte und Rechte Dritter sind dabei als solche gekennzeichnet.\t\t\t\t\t\t\t\t<\/div>\n\t\t\t\t<\/div>\n\t\t\t\t<div class=\"elementor-element elementor-element-7d7043e elementor-widget elementor-widget-spacer\" data-id=\"7d7043e\" data-element_type=\"widget\" data-e-type=\"widget\" data-widget_type=\"spacer.default\">\n\t\t\t\t<div class=\"elementor-widget-container\">\n\t\t\t\t\t\t\t<div class=\"elementor-spacer\">\n\t\t\t<div class=\"elementor-spacer-inner\"><\/div>\n\t\t<\/div>\n\t\t\t\t\t\t<\/div>\n\t\t\t\t<\/div>\n\t\t\t\t<div class=\"elementor-element elementor-element-febc226 elementor-widget elementor-widget-heading\" data-id=\"febc226\" data-element_type=\"widget\" data-e-type=\"widget\" data-widget_type=\"heading.default\">\n\t\t\t\t<div class=\"elementor-widget-container\">\n\t\t\t\t\t<h2 class=\"elementor-heading-title elementor-size-default\">Externe Links<\/h2>\t\t\t\t<\/div>\n\t\t\t\t<\/div>\n\t\t\t\t<div class=\"elementor-element elementor-element-681582b elementor-widget elementor-widget-text-editor\" data-id=\"681582b\" data-element_type=\"widget\" data-e-type=\"widget\" data-widget_type=\"text-editor.default\">\n\t\t\t\t<div class=\"elementor-widget-container\">\n\t\t\t\t\t\t\t\t\tDiese Website enth\u00e4lt Verkn\u00fcpfungen zu \u201eexternen Links\u201c (Websites Dritter). Diese Websites unterliegen der Haftung der jeweiligen Betreiber. Wir haben keinen Einfluss auf die aktuelle und zuk\u00fcnftige Gestaltung und auf die Inhalte der verkn\u00fcpften Seiten.Bei Kenntnis von Rechtsverst\u00f6ssen werden die entsprechenden externen Links unverz\u00fcglich gel\u00f6scht.\n\n\t\t\t\t\t\t\t\t<\/div>\n\t\t\t\t<\/div>\n\t\t\t\t<div class=\"elementor-element elementor-element-445eed8 elementor-widget elementor-widget-text-editor\" data-id=\"445eed8\" data-element_type=\"widget\" data-e-type=\"widget\" data-widget_type=\"text-editor.default\">\n\t\t\t\t<div class=\"elementor-widget-container\">\n\t\t\t\t\t\t\t\t\tDem Benutzer von externen Links muss bewusst sein, dass die Betreiber von verlinkten Websites pers\u00f6nliche Daten erfassen und sammeln k\u00f6nnen (inklusive Informationen, die durch die Benutzung von Cookies generiert wurden), sobald deren Websites besucht werden.\t\t\t\t\t\t\t\t<\/div>\n\t\t\t\t<\/div>\n\t\t\t\t<div class=\"elementor-element elementor-element-5a7976f elementor-widget elementor-widget-text-editor\" data-id=\"5a7976f\" data-element_type=\"widget\" data-e-type=\"widget\" data-widget_type=\"text-editor.default\">\n\t\t\t\t<div class=\"elementor-widget-container\">\n\t\t\t\t\t\t\t\t\tWir \u00fcbernehmen keine Verantwortung daf\u00fcr, wie derartige Betreiber pers\u00f6nlichen Daten sammeln, verwenden oder offenlegen.\t\t\t\t\t\t\t\t<\/div>\n\t\t\t\t<\/div>\n\t\t\t\t\t<\/div>\n\t\t<\/div>\n\t\t\t\t\t<\/div>\n\t\t<\/section>\n\t\t\t\t<\/div>","protected":false},"excerpt":{"rendered":"<p>Impressum Impressum Kontaktadresse t2b AGCentralbahnplatz 9\/104051 Baseltelefon: +41(61) 272 00 40info@t2b.ch\u00a0 Konzept &#038; Design Das Konzept und Design wurde durch Masterhomepage GmbH realisiert. Copyright Das Copyright des Konzepts, der Bilder\/Fotos und der textlichen Inhalte liegen bei der Masterhomepage GmbH. Haftungseinschr\u00e4nkung Mit der Nutzung dieser Website akzeptieren Sie die nachfolgenden Bedingungen.Wir haben diese Website mit gr\u00f6sstm\u00f6glicher<\/p>","protected":false},"author":1,"featured_media":0,"parent":0,"menu_order":0,"comment_status":"closed","ping_status":"closed","template":"","meta":{"site-sidebar-layout":"no-sidebar","site-content-layout":"page-builder","ast-site-content-layout":"default","site-content-style":"default","site-sidebar-style":"default","ast-global-header-display":"","ast-banner-title-visibility":"","ast-main-header-display":"","ast-hfb-above-header-display":"","ast-hfb-below-header-display":"","ast-hfb-mobile-header-display":"","site-post-title":"disabled","ast-breadcrumbs-content":"","ast-featured-img":"disabled","footer-sml-layout":"","ast-disable-related-posts":"","theme-transparent-header-meta":"enabled","adv-header-id-meta":"","stick-header-meta":"","header-above-stick-meta":"","header-main-stick-meta":"","header-below-stick-meta":"","astra-migrate-meta-layouts":"default","ast-page-background-enabled":"default","ast-page-background-meta":{"desktop":{"background-color":"","background-image":"","background-repeat":"repeat","background-position":"center center","background-size":"auto","background-attachment":"scroll","background-type":"","background-media":"","overlay-type":"","overlay-color":"","overlay-opacity":"","overlay-gradient":""},"tablet":{"background-color":"","background-image":"","background-repeat":"repeat","background-position":"center center","background-size":"auto","background-attachment":"scroll","background-type":"","background-media":"","overlay-type":"","overlay-color":"","overlay-opacity":"","overlay-gradient":""},"mobile":{"background-color":"","background-image":"","background-repeat":"repeat","background-position":"center center","background-size":"auto","background-attachment":"scroll","background-type":"","background-media":"","overlay-type":"","overlay-color":"","overlay-opacity":"","overlay-gradient":""}},"ast-content-background-meta":{"desktop":{"background-color":"var(--ast-global-color-5)","background-image":"","background-repeat":"repeat","background-position":"center center","background-size":"auto","background-attachment":"scroll","background-type":"","background-media":"","overlay-type":"","overlay-color":"","overlay-opacity":"","overlay-gradient":""},"tablet":{"background-color":"var(--ast-global-color-5)","background-image":"","background-repeat":"repeat","background-position":"center center","background-size":"auto","background-attachment":"scroll","background-type":"","background-media":"","overlay-type":"","overlay-color":"","overlay-opacity":"","overlay-gradient":""},"mobile":{"background-color":"var(--ast-global-color-5)","background-image":"","background-repeat":"repeat","background-position":"center center","background-size":"auto","background-attachment":"scroll","background-type":"","background-media":"","overlay-type":"","overlay-color":"","overlay-opacity":"","overlay-gradient":""}},"footnotes":""},"class_list":["post-5646","page","type-page","status-publish","hentry"],"yoast_head":"<!-- This site is optimized with the Yoast SEO plugin v27.4 - https:\/\/yoast.com\/product\/yoast-seo-wordpress\/ -->\n<title>Impressum - t2b.ch<\/title>\n<meta name=\"robots\" content=\"index, follow, max-snippet:-1, max-image-preview:large, max-video-preview:-1\" \/>\n<link rel=\"canonical\" href=\"https:\/\/t2b.ch\/en\/impressum\/\" \/>\n<meta property=\"og:locale\" content=\"en_GB\" \/>\n<meta property=\"og:type\" content=\"article\" \/>\n<meta property=\"og:title\" content=\"Impressum - t2b.ch\" \/>\n<meta property=\"og:description\" content=\"Impressum Impressum Kontaktadresse t2b AGCentralbahnplatz 9\/104051 Baseltelefon: +41(61) 272 00 40info@t2b.ch\u00a0 Konzept &#038; Design Das Konzept und Design wurde durch Masterhomepage GmbH realisiert. Copyright Das Copyright des Konzepts, der Bilder\/Fotos und der textlichen Inhalte liegen bei der Masterhomepage GmbH. Haftungseinschr\u00e4nkung Mit der Nutzung dieser Website akzeptieren Sie die nachfolgenden Bedingungen.Wir haben diese Website mit gr\u00f6sstm\u00f6glicher\" \/>\n<meta property=\"og:url\" content=\"https:\/\/t2b.ch\/en\/impressum\/\" \/>\n<meta property=\"og:site_name\" content=\"t2b.ch\" \/>\n<meta property=\"article:modified_time\" content=\"2024-04-25T11:30:09+00:00\" \/>\n<meta name=\"twitter:card\" content=\"summary_large_image\" \/>\n<meta name=\"twitter:label1\" content=\"Estimated reading time\" \/>\n\t<meta name=\"twitter:data1\" content=\"3 minutes\" \/>\n<script type=\"application\/ld+json\" class=\"yoast-schema-graph\">{\"@context\":\"https:\\\/\\\/schema.org\",\"@graph\":[{\"@type\":\"WebPage\",\"@id\":\"https:\\\/\\\/t2b.ch\\\/impressum\\\/\",\"url\":\"https:\\\/\\\/t2b.ch\\\/impressum\\\/\",\"name\":\"Impressum - t2b.ch\",\"isPartOf\":{\"@id\":\"https:\\\/\\\/t2b.ch\\\/#website\"},\"datePublished\":\"2023-06-20T09:39:51+00:00\",\"dateModified\":\"2024-04-25T11:30:09+00:00\",\"breadcrumb\":{\"@id\":\"https:\\\/\\\/t2b.ch\\\/impressum\\\/#breadcrumb\"},\"inLanguage\":\"en-GB\",\"potentialAction\":[{\"@type\":\"ReadAction\",\"target\":[\"https:\\\/\\\/t2b.ch\\\/impressum\\\/\"]}]},{\"@type\":\"BreadcrumbList\",\"@id\":\"https:\\\/\\\/t2b.ch\\\/impressum\\\/#breadcrumb\",\"itemListElement\":[{\"@type\":\"ListItem\",\"position\":1,\"name\":\"Startseite\",\"item\":\"https:\\\/\\\/t2b.ch\\\/\"},{\"@type\":\"ListItem\",\"position\":2,\"name\":\"Impressum\"}]},{\"@type\":\"WebSite\",\"@id\":\"https:\\\/\\\/t2b.ch\\\/#website\",\"url\":\"https:\\\/\\\/t2b.ch\\\/\",\"name\":\"t2b.ch\",\"description\":\"the integration &amp; architecture experts\",\"publisher\":{\"@id\":\"https:\\\/\\\/t2b.ch\\\/#organization\"},\"potentialAction\":[{\"@type\":\"SearchAction\",\"target\":{\"@type\":\"EntryPoint\",\"urlTemplate\":\"https:\\\/\\\/t2b.ch\\\/?s={search_term_string}\"},\"query-input\":{\"@type\":\"PropertyValueSpecification\",\"valueRequired\":true,\"valueName\":\"search_term_string\"}}],\"inLanguage\":\"en-GB\"},{\"@type\":\"Organization\",\"@id\":\"https:\\\/\\\/t2b.ch\\\/#organization\",\"name\":\"t2b AG\",\"url\":\"https:\\\/\\\/t2b.ch\\\/\",\"logo\":{\"@type\":\"ImageObject\",\"inLanguage\":\"en-GB\",\"@id\":\"https:\\\/\\\/t2b.ch\\\/#\\\/schema\\\/logo\\\/image\\\/\",\"url\":\"https:\\\/\\\/t2b.ch\\\/wp-content\\\/uploads\\\/2026\\\/01\\\/logo_t2b_transparent2-1_25.png\",\"contentUrl\":\"https:\\\/\\\/t2b.ch\\\/wp-content\\\/uploads\\\/2026\\\/01\\\/logo_t2b_transparent2-1_25.png\",\"width\":778,\"height\":320,\"caption\":\"t2b AG\"},\"image\":{\"@id\":\"https:\\\/\\\/t2b.ch\\\/#\\\/schema\\\/logo\\\/image\\\/\"},\"sameAs\":[\"https:\\\/\\\/www.linkedin.com\\\/company\\\/t2b-ag\"]}]}<\/script>\n<!-- \/ Yoast SEO plugin. -->","yoast_head_json":{"title":"Impressum - t2b.ch","robots":{"index":"index","follow":"follow","max-snippet":"max-snippet:-1","max-image-preview":"max-image-preview:large","max-video-preview":"max-video-preview:-1"},"canonical":"https:\/\/t2b.ch\/en\/impressum\/","og_locale":"en_GB","og_type":"article","og_title":"Impressum - t2b.ch","og_description":"Impressum Impressum Kontaktadresse t2b AGCentralbahnplatz 9\/104051 Baseltelefon: +41(61) 272 00 40info@t2b.ch\u00a0 Konzept &#038; Design Das Konzept und Design wurde durch Masterhomepage GmbH realisiert. Copyright Das Copyright des Konzepts, der Bilder\/Fotos und der textlichen Inhalte liegen bei der Masterhomepage GmbH. Haftungseinschr\u00e4nkung Mit der Nutzung dieser Website akzeptieren Sie die nachfolgenden Bedingungen.Wir haben diese Website mit gr\u00f6sstm\u00f6glicher","og_url":"https:\/\/t2b.ch\/en\/impressum\/","og_site_name":"t2b.ch","article_modified_time":"2024-04-25T11:30:09+00:00","twitter_card":"summary_large_image","twitter_misc":{"Estimated reading time":"3 minutes"},"schema":{"@context":"https:\/\/schema.org","@graph":[{"@type":"WebPage","@id":"https:\/\/t2b.ch\/impressum\/","url":"https:\/\/t2b.ch\/impressum\/","name":"Impressum - t2b.ch","isPartOf":{"@id":"https:\/\/t2b.ch\/#website"},"datePublished":"2023-06-20T09:39:51+00:00","dateModified":"2024-04-25T11:30:09+00:00","breadcrumb":{"@id":"https:\/\/t2b.ch\/impressum\/#breadcrumb"},"inLanguage":"en-GB","potentialAction":[{"@type":"ReadAction","target":["https:\/\/t2b.ch\/impressum\/"]}]},{"@type":"BreadcrumbList","@id":"https:\/\/t2b.ch\/impressum\/#breadcrumb","itemListElement":[{"@type":"ListItem","position":1,"name":"Startseite","item":"https:\/\/t2b.ch\/"},{"@type":"ListItem","position":2,"name":"Impressum"}]},{"@type":"WebSite","@id":"https:\/\/t2b.ch\/#website","url":"https:\/\/t2b.ch\/","name":"t2b.ch","description":"the integration &amp; architecture experts","publisher":{"@id":"https:\/\/t2b.ch\/#organization"},"potentialAction":[{"@type":"SearchAction","target":{"@type":"EntryPoint","urlTemplate":"https:\/\/t2b.ch\/?s={search_term_string}"},"query-input":{"@type":"PropertyValueSpecification","valueRequired":true,"valueName":"search_term_string"}}],"inLanguage":"en-GB"},{"@type":"Organization","@id":"https:\/\/t2b.ch\/#organization","name":"t2b AG","url":"https:\/\/t2b.ch\/","logo":{"@type":"ImageObject","inLanguage":"en-GB","@id":"https:\/\/t2b.ch\/#\/schema\/logo\/image\/","url":"https:\/\/t2b.ch\/wp-content\/uploads\/2026\/01\/logo_t2b_transparent2-1_25.png","contentUrl":"https:\/\/t2b.ch\/wp-content\/uploads\/2026\/01\/logo_t2b_transparent2-1_25.png","width":778,"height":320,"caption":"t2b AG"},"image":{"@id":"https:\/\/t2b.ch\/#\/schema\/logo\/image\/"},"sameAs":["https:\/\/www.linkedin.com\/company\/t2b-ag"]}]}},"_links":{"self":[{"href":"https:\/\/t2b.ch\/en\/wp-json\/wp\/v2\/pages\/5646","targetHints":{"allow":["GET"]}}],"collection":[{"href":"https:\/\/t2b.ch\/en\/wp-json\/wp\/v2\/pages"}],"about":[{"href":"https:\/\/t2b.ch\/en\/wp-json\/wp\/v2\/types\/page"}],"author":[{"embeddable":true,"href":"https:\/\/t2b.ch\/en\/wp-json\/wp\/v2\/users\/1"}],"replies":[{"embeddable":true,"href":"https:\/\/t2b.ch\/en\/wp-json\/wp\/v2\/comments?post=5646"}],"version-history":[{"count":0,"href":"https:\/\/t2b.ch\/en\/wp-json\/wp\/v2\/pages\/5646\/revisions"}],"wp:attachment":[{"href":"https:\/\/t2b.ch\/en\/wp-json\/wp\/v2\/media?parent=5646"}],"curies":[{"name":"wp","href":"https:\/\/api.w.org\/{rel}","templated":true}]}}