{"id":5523,"date":"2023-06-19T09:59:44","date_gmt":"2023-06-19T07:59:44","guid":{"rendered":"https:\/\/t2b.ch\/new\/?page_id=5523"},"modified":"2025-02-17T13:51:50","modified_gmt":"2025-02-17T12:51:50","slug":"geschichte","status":"publish","type":"page","link":"https:\/\/t2b.ch\/en\/geschichte\/","title":{"rendered":"History"},"content":{"rendered":"\t\t<div data-elementor-type=\"wp-post\" data-elementor-id=\"5523\" class=\"elementor elementor-5523\" data-elementor-post-type=\"page\">\n\t\t\t\t\t\t<section class=\"elementor-section elementor-top-section elementor-element elementor-element-ysqffys elementor-section-stretched elementor-section-boxed elementor-section-height-default elementor-section-height-default wpr-particle-no wpr-jarallax-no wpr-parallax-no wpr-sticky-section-no wpr-equal-height-no\" data-id=\"ysqffys\" data-element_type=\"section\" data-e-type=\"section\" data-settings=\"{&quot;stretch_section&quot;:&quot;section-stretched&quot;,&quot;background_background&quot;:&quot;classic&quot;}\">\n\t\t\t\t\t\t\t<div class=\"elementor-background-overlay\"><\/div>\n\t\t\t\t\t\t\t<div class=\"elementor-container elementor-column-gap-no\">\n\t\t\t\t\t<div class=\"elementor-column elementor-col-100 elementor-top-column elementor-element elementor-element-iqufgkp\" data-id=\"iqufgkp\" data-element_type=\"column\" data-e-type=\"column\">\n\t\t\t<div class=\"elementor-widget-wrap elementor-element-populated\">\n\t\t\t\t\t\t<div class=\"elementor-element elementor-element-c3f8371 elementor-widget elementor-widget-heading\" data-id=\"c3f8371\" data-element_type=\"widget\" data-e-type=\"widget\" data-widget_type=\"heading.default\">\n\t\t\t\t<div class=\"elementor-widget-container\">\n\t\t\t\t\t<h2 class=\"elementor-heading-title elementor-size-default\">Geschichte<\/h2>\t\t\t\t<\/div>\n\t\t\t\t<\/div>\n\t\t\t\t<div class=\"elementor-element elementor-element-8a2b938 elementor-widget-divider--view-line elementor-widget elementor-widget-divider\" data-id=\"8a2b938\" data-element_type=\"widget\" data-e-type=\"widget\" data-widget_type=\"divider.default\">\n\t\t\t\t<div class=\"elementor-widget-container\">\n\t\t\t\t\t\t\t<div class=\"elementor-divider\">\n\t\t\t<span class=\"elementor-divider-separator\">\n\t\t\t\t\t\t<\/span>\n\t\t<\/div>\n\t\t\t\t\t\t<\/div>\n\t\t\t\t<\/div>\n\t\t\t\t<div class=\"elementor-element elementor-element-4083c91 elementor-widget elementor-widget-text-editor\" data-id=\"4083c91\" data-element_type=\"widget\" data-e-type=\"widget\" data-settings=\"{&quot;_animation&quot;:&quot;none&quot;}\" data-widget_type=\"text-editor.default\">\n\t\t\t\t<div class=\"elementor-widget-container\">\n\t\t\t\t\t\t\t\t\tEine Solide Basis &#8211; auch f\u00fcr Ihr Projekt\n\t\t\t\t\t\t\t\t<\/div>\n\t\t\t\t<\/div>\n\t\t\t\t\t<\/div>\n\t\t<\/div>\n\t\t\t\t\t<\/div>\n\t\t<\/section>\n\t\t\t\t<section class=\"elementor-section elementor-top-section elementor-element elementor-element-757195cb elementor-section-content-middle elementor-reverse-mobile elementor-section-boxed elementor-section-height-default elementor-section-height-default wpr-particle-no wpr-jarallax-no wpr-parallax-no wpr-sticky-section-no wpr-equal-height-no\" data-id=\"757195cb\" data-element_type=\"section\" data-e-type=\"section\" data-settings=\"{&quot;background_background&quot;:&quot;classic&quot;}\">\n\t\t\t\t\t\t<div class=\"elementor-container elementor-column-gap-no\">\n\t\t\t\t\t<div class=\"elementor-column elementor-col-50 elementor-top-column elementor-element elementor-element-7b3f8009\" data-id=\"7b3f8009\" data-element_type=\"column\" data-e-type=\"column\">\n\t\t\t<div class=\"elementor-widget-wrap elementor-element-populated\">\n\t\t\t\t\t\t<div class=\"elementor-element elementor-element-1049b60d elementor-widget elementor-widget-heading\" data-id=\"1049b60d\" data-element_type=\"widget\" data-e-type=\"widget\" data-widget_type=\"heading.default\">\n\t\t\t\t<div class=\"elementor-widget-container\">\n\t\t\t\t\t<h3 class=\"elementor-heading-title elementor-size-default\">Eine Solide Basis - auch f\u00fcr Ihr Projekt<\/h3>\t\t\t\t<\/div>\n\t\t\t\t<\/div>\n\t\t\t\t<div class=\"elementor-element elementor-element-110968f0 elementor-widget elementor-widget-text-editor\" data-id=\"110968f0\" data-element_type=\"widget\" data-e-type=\"widget\" data-widget_type=\"text-editor.default\">\n\t\t\t\t<div class=\"elementor-widget-container\">\n\t\t\t\t\t\t\t\t\t<p>Patrick Toenz gr\u00fcndete t2b im Dezember 2000. Sein R\u00fcstzeug waren 15 Jahre IT-Erfahrung und eine hervorragende Erfolgsbilanz mit IS-Projekten.<\/p><p>t2b entwickelte sich langsam, aber stetig zu einer erfolgreichen, eigenfinanzierten Firma mit heute 20 Senior Consultants.<\/p><p>t2b ist eines der grossen Unternehmens- und Integrationsarchitektur-Beratungsunternehmen der Schweiz.<\/p><p>t2b liefert Wissen in den Bereichen Organisation und Prozesse von EA und Integration Competence Centern (ICC), aber auch in den technischen Bereichen L\u00f6sungs- und Datenarchitektur, MDM und KI\/LLM.<\/p>\t\t\t\t\t\t\t\t<\/div>\n\t\t\t\t<\/div>\n\t\t\t\t\t<\/div>\n\t\t<\/div>\n\t\t\t\t<div class=\"elementor-column elementor-col-50 elementor-top-column elementor-element elementor-element-45fd55a1\" data-id=\"45fd55a1\" data-element_type=\"column\" data-e-type=\"column\" data-settings=\"{&quot;background_background&quot;:&quot;classic&quot;}\">\n\t\t\t<div class=\"elementor-widget-wrap\">\n\t\t\t\t\t<div class=\"elementor-background-overlay\"><\/div>\n\t\t\t\t\t\t\t<\/div>\n\t\t<\/div>\n\t\t\t\t\t<\/div>\n\t\t<\/section>\n\t\t\t\t<section class=\"elementor-section elementor-top-section elementor-element elementor-element-a87393c elementor-section-boxed elementor-section-height-default elementor-section-height-default wpr-particle-no wpr-jarallax-no wpr-parallax-no wpr-sticky-section-no wpr-equal-height-no\" data-id=\"a87393c\" data-element_type=\"section\" data-e-type=\"section\" data-settings=\"{&quot;background_background&quot;:&quot;classic&quot;}\">\n\t\t\t\t\t\t<div class=\"elementor-container elementor-column-gap-default\">\n\t\t\t\t\t<div class=\"elementor-column elementor-col-100 elementor-top-column elementor-element elementor-element-aacb27b\" data-id=\"aacb27b\" data-element_type=\"column\" data-e-type=\"column\">\n\t\t\t<div class=\"elementor-widget-wrap elementor-element-populated\">\n\t\t\t\t\t\t<div class=\"elementor-element elementor-element-533315a elementor-widget elementor-widget-heading\" data-id=\"533315a\" data-element_type=\"widget\" data-e-type=\"widget\" data-widget_type=\"heading.default\">\n\t\t\t\t<div class=\"elementor-widget-container\">\n\t\t\t\t\t<h3 class=\"elementor-heading-title elementor-size-default\">Wichtige Meilensteine in der Firmengeschichte sind...<\/h3>\t\t\t\t<\/div>\n\t\t\t\t<\/div>\n\t\t\t\t<div class=\"elementor-element elementor-element-fd031b5 elementor-widget elementor-widget-spacer\" data-id=\"fd031b5\" data-element_type=\"widget\" data-e-type=\"widget\" data-widget_type=\"spacer.default\">\n\t\t\t\t<div class=\"elementor-widget-container\">\n\t\t\t\t\t\t\t<div class=\"elementor-spacer\">\n\t\t\t<div class=\"elementor-spacer-inner\"><\/div>\n\t\t<\/div>\n\t\t\t\t\t\t<\/div>\n\t\t\t\t<\/div>\n\t\t\t\t<div class=\"elementor-element elementor-element-072cde3 elementor-widget elementor-widget-text-editor\" data-id=\"072cde3\" data-element_type=\"widget\" data-e-type=\"widget\" data-widget_type=\"text-editor.default\">\n\t\t\t\t<div class=\"elementor-widget-container\">\n\t\t\t\t\t\t\t\t\t<p>2001 &#8211; Novartis EAI Harmonization<br>2002 &#8211; Syngenta ICC Setup<br>2003 &#8211; EIBB Methodolgy and Repository v.1<br>2004 &#8211; Winterthur IT Strategy and Architecture<br>2005 &#8211; Novartis ICC Setup<br>2006 &#8211; Enterprise Architecture Practice opened, SBB is our first EAM customer<br>2007 &#8211; Alstom ICC Setup<br>2008 &#8211; Novartis global ICC outsourced to t2b<br>2009 &#8211; MDM Success Stories with several customers<br>2010 &#8211; Stadt Z\u00fcrich &#8211; Integration Architecture f\u00fcr den ersten \u00f6ffentlichen Kunden<br>2011 &#8211; Actelion: das erste ICC auf der Basis eines ETL Tools!<br>2013 &#8211; t2b f\u00fchrt die erste iPaaS (Boomi) bei Novartis ein!<br>2014 &#8211; t2b unterst\u00fctzt das Bundesamt IT (<a href=\"http:\/\/www.bit.admin.ch\/index.html?lang=de\">BIT<\/a>) im Bereich L\u00f6sungsarchitektur!<br>2015 &#8211; cloud integration, cloud BI\/Analytics Pilotprojekte &amp; operational intelligence<br>2016 &#8211; open source integration platform&nbsp;<a href=\"http:\/\/wso2.com\/advantages\/\">WSO2<\/a>&nbsp;schl\u00e4gt die meisten kommerziellen Produkte<br>2017 &#8211; knowledge management \/ data governance 4.0 mit graph DB<br>2018 &#8211; das EAM tool iServer gewinnt einige neue Kunden<br>2019 &#8211; t2b wird Architekturpartner u.a. f\u00fcr das BIT und das UVEK.&nbsp;<a href=\"https:\/\/www.ezv.admin.ch\/ezv\/en\/home\/topics\/projects\/dazit.html\">DaziT&nbsp;<\/a>und BAFU-Projekte starten. ISO9001:2015 Zertifizierung<br>2021 &#8211; \u00dcbernahme der Architekturabteilung von devoteam Schweiz. t2b wird partner f\u00fcr das <a href=\"https:\/\/eperi.com\/eperi-gateway\/\">eperi<\/a> Encryption Gateway&nbsp;<br>2023 &#8211; Architekturpartner f\u00fcr Bundeskanzelei, ALV und BIT. Einf\u00fchrung von lokalen LLMs bei den ersten Kunden<br>2024 &#8211; Entwicklung der t2b AI orchestrator Plattform , Architekturpartner Kt.LU<br>2025 &#8211; official launch of thalabus &#8211; t2b&#8217;s AI orchestration platform<\/p>\t\t\t\t\t\t\t\t<\/div>\n\t\t\t\t<\/div>\n\t\t\t\t\t<\/div>\n\t\t<\/div>\n\t\t\t\t\t<\/div>\n\t\t<\/section>\n\t\t\t\t<section class=\"elementor-section elementor-top-section elementor-element elementor-element-8c77924 elementor-section-content-middle elementor-section-boxed elementor-section-height-default elementor-section-height-default wpr-particle-no wpr-jarallax-no wpr-parallax-no wpr-sticky-section-no wpr-equal-height-no\" data-id=\"8c77924\" data-element_type=\"section\" data-e-type=\"section\">\n\t\t\t\t\t\t<div class=\"elementor-container elementor-column-gap-no\">\n\t\t\t\t\t<div class=\"elementor-column elementor-col-100 elementor-top-column elementor-element elementor-element-6d8e6b1c\" data-id=\"6d8e6b1c\" data-element_type=\"column\" data-e-type=\"column\">\n\t\t\t<div class=\"elementor-widget-wrap elementor-element-populated\">\n\t\t\t\t\t\t<div class=\"elementor-element elementor-element-7752c2fd elementor-widget elementor-widget-heading\" data-id=\"7752c2fd\" data-element_type=\"widget\" data-e-type=\"widget\" data-widget_type=\"heading.default\">\n\t\t\t\t<div class=\"elementor-widget-container\">\n\t\t\t\t\t<h4 class=\"elementor-heading-title elementor-size-default\">Kontaktieren Sie uns<\/h4>\t\t\t\t<\/div>\n\t\t\t\t<\/div>\n\t\t\t\t<div class=\"elementor-element elementor-element-1aa7380c elementor-button-align-end elementor-mobile-button-align-center elementor-widget elementor-widget-form\" data-id=\"1aa7380c\" data-element_type=\"widget\" data-e-type=\"widget\" data-settings=\"{&quot;step_next_label&quot;:&quot;Weiter&quot;,&quot;step_previous_label&quot;:&quot;Zur\\u00fcck&quot;,&quot;button_width&quot;:&quot;100&quot;,&quot;step_type&quot;:&quot;number_text&quot;,&quot;step_icon_shape&quot;:&quot;circle&quot;}\" data-widget_type=\"form.default\">\n\t\t\t\t<div class=\"elementor-widget-container\">\n\t\t\t\t\t\t\t<form class=\"elementor-form\" method=\"post\" name=\"Kontaktform Webseite #Kontakt\" aria-label=\"Kontaktform Webseite #Kontakt\">\n\t\t\t<input type=\"hidden\" name=\"post_id\" value=\"5523\"\/>\n\t\t\t<input type=\"hidden\" name=\"form_id\" value=\"1aa7380c\"\/>\n\t\t\t<input type=\"hidden\" name=\"referer_title\" value=\"t2b.ch\" \/>\n\n\t\t\t\n\t\t\t<div class=\"elementor-form-fields-wrapper elementor-labels-above\">\n\t\t\t\t\t\t\t\t<div class=\"elementor-field-type-text elementor-field-group elementor-column elementor-field-group-name elementor-col-50 elementor-field-required\">\n\t\t\t\t\t\t\t\t\t\t\t\t<label for=\"form-field-name\" class=\"elementor-field-label\">\n\t\t\t\t\t\t\t\tVorname\t\t\t\t\t\t\t<\/label>\n\t\t\t\t\t\t\t\t\t\t\t\t\t\t<input size=\"1\" type=\"text\" name=\"form_fields[name]\" id=\"form-field-name\" class=\"elementor-field elementor-size-sm  elementor-field-textual\" placeholder=\"Vorname\" required=\"required\">\n\t\t\t\t\t\t\t\t\t\t\t<\/div>\n\t\t\t\t\t\t\t\t<div class=\"elementor-field-type-text elementor-field-group elementor-column elementor-field-group-field_2366564 elementor-col-50 elementor-field-required\">\n\t\t\t\t\t\t\t\t\t\t\t\t<label for=\"form-field-field_2366564\" class=\"elementor-field-label\">\n\t\t\t\t\t\t\t\tNachname\t\t\t\t\t\t\t<\/label>\n\t\t\t\t\t\t\t\t\t\t\t\t\t\t<input size=\"1\" type=\"text\" name=\"form_fields[field_2366564]\" id=\"form-field-field_2366564\" class=\"elementor-field elementor-size-sm  elementor-field-textual\" placeholder=\"Nachname\" required=\"required\">\n\t\t\t\t\t\t\t\t\t\t\t<\/div>\n\t\t\t\t\t\t\t\t<div class=\"elementor-field-type-email elementor-field-group elementor-column elementor-field-group-email elementor-col-50 elementor-field-required\">\n\t\t\t\t\t\t\t\t\t\t\t\t<label for=\"form-field-email\" class=\"elementor-field-label\">\n\t\t\t\t\t\t\t\tE-Mail\t\t\t\t\t\t\t<\/label>\n\t\t\t\t\t\t\t\t\t\t\t\t\t\t<input size=\"1\" type=\"email\" name=\"form_fields[email]\" id=\"form-field-email\" class=\"elementor-field elementor-size-sm  elementor-field-textual\" placeholder=\"Ihre E-Mail Adresse\" required=\"required\">\n\t\t\t\t\t\t\t\t\t\t\t<\/div>\n\t\t\t\t\t\t\t\t<div class=\"elementor-field-type-text elementor-field-group elementor-column elementor-field-group-5fc6f08 elementor-col-50 elementor-field-required\">\n\t\t\t\t\t\t\t\t\t\t\t\t<label for=\"form-field-5fc6f08\" class=\"elementor-field-label\">\n\t\t\t\t\t\t\t\tTelefon Nr.:\t\t\t\t\t\t\t<\/label>\n\t\t\t\t\t\t\t\t\t\t\t\t\t\t<input size=\"1\" type=\"text\" name=\"form_fields[5fc6f08]\" id=\"form-field-5fc6f08\" class=\"elementor-field elementor-size-sm  elementor-field-textual\" placeholder=\"+ 41 79x xxx xx xx\" required=\"required\">\n\t\t\t\t\t\t\t\t\t\t\t<\/div>\n\t\t\t\t\t\t\t\t<div class=\"elementor-field-type-textarea elementor-field-group elementor-column elementor-field-group-6ed25c0 elementor-col-100\">\n\t\t\t\t\t\t\t\t\t\t\t\t<label for=\"form-field-6ed25c0\" class=\"elementor-field-label\">\n\t\t\t\t\t\t\t\tNachricht\t\t\t\t\t\t\t<\/label>\n\t\t\t\t\t\t<textarea class=\"elementor-field-textual elementor-field  elementor-size-sm\" name=\"form_fields[6ed25c0]\" id=\"form-field-6ed25c0\" rows=\"4\" placeholder=\"Ihre Nachricht\"><\/textarea>\t\t\t\t<\/div>\n\t\t\t\t\t\t\t\t<div class=\"elementor-field-group elementor-column elementor-field-type-submit elementor-col-100 e-form__buttons\">\n\t\t\t\t\t<button class=\"elementor-button elementor-size-md\" type=\"submit\">\n\t\t\t\t\t\t<span class=\"elementor-button-content-wrapper\">\n\t\t\t\t\t\t\t\t\t\t\t\t\t\t\t\t\t\t\t\t\t\t<span class=\"elementor-button-text\">Senden<\/span>\n\t\t\t\t\t\t\t\t\t\t\t\t\t<\/span>\n\t\t\t\t\t<\/button>\n\t\t\t\t<\/div>\n\t\t\t<\/div>\n\t\t<\/form>\n\t\t\t\t\t\t<\/div>\n\t\t\t\t<\/div>\n\t\t\t\t\t<\/div>\n\t\t<\/div>\n\t\t\t\t\t<\/div>\n\t\t<\/section>\n\t\t\t\t<\/div>\n\t\t","protected":false},"excerpt":{"rendered":"<p>Geschichte Eine Solide Basis &#8211; auch f\u00fcr Ihr Projekt Eine Solide Basis &#8211; auch f\u00fcr Ihr Projekt Patrick Toenz gr\u00fcndete t2b im Dezember 2000. Sein R\u00fcstzeug waren 15 Jahre IT-Erfahrung und eine hervorragende Erfolgsbilanz mit IS-Projekten. t2b entwickelte sich langsam, aber stetig zu einer erfolgreichen, eigenfinanzierten Firma mit heute 20 Senior Consultants. t2b ist eines<\/p>","protected":false},"author":1,"featured_media":0,"parent":0,"menu_order":0,"comment_status":"closed","ping_status":"closed","template":"","meta":{"site-sidebar-layout":"no-sidebar","site-content-layout":"page-builder","ast-site-content-layout":"full-width-container","site-content-style":"unboxed","site-sidebar-style":"unboxed","ast-global-header-display":"","ast-banner-title-visibility":"","ast-main-header-display":"","ast-hfb-above-header-display":"","ast-hfb-below-header-display":"","ast-hfb-mobile-header-display":"","site-post-title":"disabled","ast-breadcrumbs-content":"","ast-featured-img":"disabled","footer-sml-layout":"","ast-disable-related-posts":"","theme-transparent-header-meta":"enabled","adv-header-id-meta":"","stick-header-meta":"","header-above-stick-meta":"","header-main-stick-meta":"","header-below-stick-meta":"","astra-migrate-meta-layouts":"set","ast-page-background-enabled":"default","ast-page-background-meta":{"desktop":{"background-color":"","background-image":"","background-repeat":"repeat","background-position":"center center","background-size":"auto","background-attachment":"scroll","background-type":"","background-media":"","overlay-type":"","overlay-color":"","overlay-opacity":"","overlay-gradient":""},"tablet":{"background-color":"","background-image":"","background-repeat":"repeat","background-position":"center center","background-size":"auto","background-attachment":"scroll","background-type":"","background-media":"","overlay-type":"","overlay-color":"","overlay-opacity":"","overlay-gradient":""},"mobile":{"background-color":"","background-image":"","background-repeat":"repeat","background-position":"center center","background-size":"auto","background-attachment":"scroll","background-type":"","background-media":"","overlay-type":"","overlay-color":"","overlay-opacity":"","overlay-gradient":""}},"ast-content-background-meta":{"desktop":{"background-color":"var(--ast-global-color-5)","background-image":"","background-repeat":"repeat","background-position":"center center","background-size":"auto","background-attachment":"scroll","background-type":"","background-media":"","overlay-type":"","overlay-color":"","overlay-opacity":"","overlay-gradient":""},"tablet":{"background-color":"var(--ast-global-color-5)","background-image":"","background-repeat":"repeat","background-position":"center center","background-size":"auto","background-attachment":"scroll","background-type":"","background-media":"","overlay-type":"","overlay-color":"","overlay-opacity":"","overlay-gradient":""},"mobile":{"background-color":"var(--ast-global-color-5)","background-image":"","background-repeat":"repeat","background-position":"center center","background-size":"auto","background-attachment":"scroll","background-type":"","background-media":"","overlay-type":"","overlay-color":"","overlay-opacity":"","overlay-gradient":""}},"footnotes":""},"class_list":["post-5523","page","type-page","status-publish","hentry"],"yoast_head":"<!-- This site is optimized with the Yoast SEO plugin v27.4 - https:\/\/yoast.com\/product\/yoast-seo-wordpress\/ -->\n<title>Geschichte - t2b.ch<\/title>\n<meta name=\"robots\" content=\"index, follow, max-snippet:-1, max-image-preview:large, max-video-preview:-1\" \/>\n<link rel=\"canonical\" href=\"https:\/\/t2b.ch\/en\/geschichte\/\" \/>\n<meta property=\"og:locale\" content=\"en_GB\" \/>\n<meta property=\"og:type\" content=\"article\" \/>\n<meta property=\"og:title\" content=\"Geschichte - t2b.ch\" \/>\n<meta property=\"og:description\" content=\"Geschichte Eine Solide Basis &#8211; auch f\u00fcr Ihr Projekt Eine Solide Basis &#8211; auch f\u00fcr Ihr Projekt Patrick Toenz gr\u00fcndete t2b im Dezember 2000. Sein R\u00fcstzeug waren 15 Jahre IT-Erfahrung und eine hervorragende Erfolgsbilanz mit IS-Projekten. t2b entwickelte sich langsam, aber stetig zu einer erfolgreichen, eigenfinanzierten Firma mit heute 20 Senior Consultants. t2b ist eines\" \/>\n<meta property=\"og:url\" content=\"https:\/\/t2b.ch\/en\/geschichte\/\" \/>\n<meta property=\"og:site_name\" content=\"t2b.ch\" \/>\n<meta property=\"article:modified_time\" content=\"2025-02-17T12:51:50+00:00\" \/>\n<meta name=\"twitter:card\" content=\"summary_large_image\" \/>\n<meta name=\"twitter:label1\" content=\"Estimated reading time\" \/>\n\t<meta name=\"twitter:data1\" content=\"1 minute\" \/>\n<script type=\"application\/ld+json\" class=\"yoast-schema-graph\">{\"@context\":\"https:\\\/\\\/schema.org\",\"@graph\":[{\"@type\":\"WebPage\",\"@id\":\"https:\\\/\\\/t2b.ch\\\/geschichte\\\/\",\"url\":\"https:\\\/\\\/t2b.ch\\\/geschichte\\\/\",\"name\":\"Geschichte - t2b.ch\",\"isPartOf\":{\"@id\":\"https:\\\/\\\/t2b.ch\\\/#website\"},\"datePublished\":\"2023-06-19T07:59:44+00:00\",\"dateModified\":\"2025-02-17T12:51:50+00:00\",\"breadcrumb\":{\"@id\":\"https:\\\/\\\/t2b.ch\\\/geschichte\\\/#breadcrumb\"},\"inLanguage\":\"en-GB\",\"potentialAction\":[{\"@type\":\"ReadAction\",\"target\":[\"https:\\\/\\\/t2b.ch\\\/geschichte\\\/\"]}]},{\"@type\":\"BreadcrumbList\",\"@id\":\"https:\\\/\\\/t2b.ch\\\/geschichte\\\/#breadcrumb\",\"itemListElement\":[{\"@type\":\"ListItem\",\"position\":1,\"name\":\"Startseite\",\"item\":\"https:\\\/\\\/t2b.ch\\\/\"},{\"@type\":\"ListItem\",\"position\":2,\"name\":\"Geschichte\"}]},{\"@type\":\"WebSite\",\"@id\":\"https:\\\/\\\/t2b.ch\\\/#website\",\"url\":\"https:\\\/\\\/t2b.ch\\\/\",\"name\":\"t2b.ch\",\"description\":\"the integration &amp; architecture experts\",\"publisher\":{\"@id\":\"https:\\\/\\\/t2b.ch\\\/#organization\"},\"potentialAction\":[{\"@type\":\"SearchAction\",\"target\":{\"@type\":\"EntryPoint\",\"urlTemplate\":\"https:\\\/\\\/t2b.ch\\\/?s={search_term_string}\"},\"query-input\":{\"@type\":\"PropertyValueSpecification\",\"valueRequired\":true,\"valueName\":\"search_term_string\"}}],\"inLanguage\":\"en-GB\"},{\"@type\":\"Organization\",\"@id\":\"https:\\\/\\\/t2b.ch\\\/#organization\",\"name\":\"t2b AG\",\"url\":\"https:\\\/\\\/t2b.ch\\\/\",\"logo\":{\"@type\":\"ImageObject\",\"inLanguage\":\"en-GB\",\"@id\":\"https:\\\/\\\/t2b.ch\\\/#\\\/schema\\\/logo\\\/image\\\/\",\"url\":\"https:\\\/\\\/t2b.ch\\\/wp-content\\\/uploads\\\/2026\\\/01\\\/logo_t2b_transparent2-1_25.png\",\"contentUrl\":\"https:\\\/\\\/t2b.ch\\\/wp-content\\\/uploads\\\/2026\\\/01\\\/logo_t2b_transparent2-1_25.png\",\"width\":778,\"height\":320,\"caption\":\"t2b AG\"},\"image\":{\"@id\":\"https:\\\/\\\/t2b.ch\\\/#\\\/schema\\\/logo\\\/image\\\/\"},\"sameAs\":[\"https:\\\/\\\/www.linkedin.com\\\/company\\\/t2b-ag\"]}]}<\/script>\n<!-- \/ Yoast SEO plugin. -->","yoast_head_json":{"title":"Geschichte - t2b.ch","robots":{"index":"index","follow":"follow","max-snippet":"max-snippet:-1","max-image-preview":"max-image-preview:large","max-video-preview":"max-video-preview:-1"},"canonical":"https:\/\/t2b.ch\/en\/geschichte\/","og_locale":"en_GB","og_type":"article","og_title":"Geschichte - t2b.ch","og_description":"Geschichte Eine Solide Basis &#8211; auch f\u00fcr Ihr Projekt Eine Solide Basis &#8211; auch f\u00fcr Ihr Projekt Patrick Toenz gr\u00fcndete t2b im Dezember 2000. Sein R\u00fcstzeug waren 15 Jahre IT-Erfahrung und eine hervorragende Erfolgsbilanz mit IS-Projekten. t2b entwickelte sich langsam, aber stetig zu einer erfolgreichen, eigenfinanzierten Firma mit heute 20 Senior Consultants. t2b ist eines","og_url":"https:\/\/t2b.ch\/en\/geschichte\/","og_site_name":"t2b.ch","article_modified_time":"2025-02-17T12:51:50+00:00","twitter_card":"summary_large_image","twitter_misc":{"Estimated reading time":"1 minute"},"schema":{"@context":"https:\/\/schema.org","@graph":[{"@type":"WebPage","@id":"https:\/\/t2b.ch\/geschichte\/","url":"https:\/\/t2b.ch\/geschichte\/","name":"Geschichte - t2b.ch","isPartOf":{"@id":"https:\/\/t2b.ch\/#website"},"datePublished":"2023-06-19T07:59:44+00:00","dateModified":"2025-02-17T12:51:50+00:00","breadcrumb":{"@id":"https:\/\/t2b.ch\/geschichte\/#breadcrumb"},"inLanguage":"en-GB","potentialAction":[{"@type":"ReadAction","target":["https:\/\/t2b.ch\/geschichte\/"]}]},{"@type":"BreadcrumbList","@id":"https:\/\/t2b.ch\/geschichte\/#breadcrumb","itemListElement":[{"@type":"ListItem","position":1,"name":"Startseite","item":"https:\/\/t2b.ch\/"},{"@type":"ListItem","position":2,"name":"Geschichte"}]},{"@type":"WebSite","@id":"https:\/\/t2b.ch\/#website","url":"https:\/\/t2b.ch\/","name":"t2b.ch","description":"the integration &amp; architecture experts","publisher":{"@id":"https:\/\/t2b.ch\/#organization"},"potentialAction":[{"@type":"SearchAction","target":{"@type":"EntryPoint","urlTemplate":"https:\/\/t2b.ch\/?s={search_term_string}"},"query-input":{"@type":"PropertyValueSpecification","valueRequired":true,"valueName":"search_term_string"}}],"inLanguage":"en-GB"},{"@type":"Organization","@id":"https:\/\/t2b.ch\/#organization","name":"t2b AG","url":"https:\/\/t2b.ch\/","logo":{"@type":"ImageObject","inLanguage":"en-GB","@id":"https:\/\/t2b.ch\/#\/schema\/logo\/image\/","url":"https:\/\/t2b.ch\/wp-content\/uploads\/2026\/01\/logo_t2b_transparent2-1_25.png","contentUrl":"https:\/\/t2b.ch\/wp-content\/uploads\/2026\/01\/logo_t2b_transparent2-1_25.png","width":778,"height":320,"caption":"t2b AG"},"image":{"@id":"https:\/\/t2b.ch\/#\/schema\/logo\/image\/"},"sameAs":["https:\/\/www.linkedin.com\/company\/t2b-ag"]}]}},"_links":{"self":[{"href":"https:\/\/t2b.ch\/en\/wp-json\/wp\/v2\/pages\/5523","targetHints":{"allow":["GET"]}}],"collection":[{"href":"https:\/\/t2b.ch\/en\/wp-json\/wp\/v2\/pages"}],"about":[{"href":"https:\/\/t2b.ch\/en\/wp-json\/wp\/v2\/types\/page"}],"author":[{"embeddable":true,"href":"https:\/\/t2b.ch\/en\/wp-json\/wp\/v2\/users\/1"}],"replies":[{"embeddable":true,"href":"https:\/\/t2b.ch\/en\/wp-json\/wp\/v2\/comments?post=5523"}],"version-history":[{"count":0,"href":"https:\/\/t2b.ch\/en\/wp-json\/wp\/v2\/pages\/5523\/revisions"}],"wp:attachment":[{"href":"https:\/\/t2b.ch\/en\/wp-json\/wp\/v2\/media?parent=5523"}],"curies":[{"name":"wp","href":"https:\/\/api.w.org\/{rel}","templated":true}]}}